{"id":5660,"date":"2025-02-04T17:34:03","date_gmt":"2025-02-04T17:34:03","guid":{"rendered":"http:\/\/localhost\/gemso\/?page_id=5660"},"modified":"2025-05-13T20:26:15","modified_gmt":"2025-05-13T20:26:15","slug":"clientes-todos","status":"publish","type":"page","link":"https:\/\/molinos.jeanlogistics.com\/index.php\/clientes-todos\/","title":{"rendered":"Todos"},"content":{"rendered":"\t\t<div data-elementor-type=\"wp-page\" data-elementor-id=\"5660\" class=\"elementor elementor-5660\" data-elementor-post-type=\"page\">\n\t\t\t\t<div class=\"elementor-element elementor-element-419dd31 e-flex e-con-boxed e-con e-parent\" data-id=\"419dd31\" data-element_type=\"container\" data-settings=\"{&quot;background_background&quot;:&quot;classic&quot;}\">\n\t\t\t\t\t<div class=\"e-con-inner\">\n\t\t<div class=\"elementor-element elementor-element-71ab224 e-con-full e-flex e-con e-child\" data-id=\"71ab224\" data-element_type=\"container\">\n\t\t\t\t<div class=\"elementor-element elementor-element-96244f6 elementor-widget elementor-widget-heading\" data-id=\"96244f6\" data-element_type=\"widget\" data-widget_type=\"heading.default\">\n\t\t\t\t<div class=\"elementor-widget-container\">\n\t\t\t\t\t<h2 class=\"elementor-heading-title elementor-size-default\">Clientes<\/h2>\t\t\t\t<\/div>\n\t\t\t\t<\/div>\n\t\t\t\t<div class=\"elementor-element elementor-element-aa95fd4 elementor-widget elementor-widget-heading\" data-id=\"aa95fd4\" data-element_type=\"widget\" data-widget_type=\"heading.default\">\n\t\t\t\t<div class=\"elementor-widget-container\">\n\t\t\t\t\t<h2 class=\"elementor-heading-title elementor-size-default\">Todos nuestros clientes<\/h2>\t\t\t\t<\/div>\n\t\t\t\t<\/div>\n\t\t\t\t<\/div>\n\t\t\t\t\t<\/div>\n\t\t\t\t<\/div>\n\t\t<div class=\"elementor-element elementor-element-0b4c9fd e-flex e-con-boxed e-con e-parent\" data-id=\"0b4c9fd\" data-element_type=\"container\">\n\t\t\t\t\t<div class=\"e-con-inner\">\n\t\t\t\t<div class=\"elementor-element elementor-element-ce654a7 elementor-widget elementor-widget-heading\" data-id=\"ce654a7\" data-element_type=\"widget\" data-widget_type=\"heading.default\">\n\t\t\t\t<div class=\"elementor-widget-container\">\n\t\t\t\t\t<h2 class=\"elementor-heading-title elementor-size-default\">Molinos GEMSO: La Esencia de la Calidad en Cada Creaci\u00f3n<\/h2>\t\t\t\t<\/div>\n\t\t\t\t<\/div>\n\t\t\t\t<div class=\"elementor-element elementor-element-119fade elementor-widget elementor-widget-text-editor\" data-id=\"119fade\" data-element_type=\"widget\" data-widget_type=\"text-editor.default\">\n\t\t\t\t<div class=\"elementor-widget-container\">\n\t\t\t\t\t\t\t\t\t<p>En Molinos GEMSO, transformamos la experiencia culinaria con nuestras harinas de alta calidad, dise\u00f1adas para cada necesidad. Desde la elaboraci\u00f3n de panes con textura y sabor excepcionales, hasta tortillas que celebran la tradici\u00f3n, y dulces que deslumbran con su esponjosidad, nuestras soluciones personalizadas garantizan resultados consistentes que cautivan a tus clientes.<\/p>\t\t\t\t\t\t\t\t<\/div>\n\t\t\t\t<\/div>\n\t\t\t\t\t<\/div>\n\t\t\t\t<\/div>\n\t\t<div class=\"elementor-element elementor-element-0593de6 e-flex e-con-boxed e-con e-parent\" data-id=\"0593de6\" data-element_type=\"container\">\n\t\t\t\t\t<div class=\"e-con-inner\">\n\t\t<div class=\"elementor-element elementor-element-89abe8a e-con-full e-flex e-con e-child\" data-id=\"89abe8a\" data-element_type=\"container\">\n\t\t\t\t<div class=\"elementor-element elementor-element-14db556 elementor-position-top elementor-widget elementor-widget-image-box\" data-id=\"14db556\" data-element_type=\"widget\" data-widget_type=\"image-box.default\">\n\t\t\t\t<div class=\"elementor-widget-container\">\n\t\t\t\t\t<div class=\"elementor-image-box-wrapper\"><figure class=\"elementor-image-box-img\"><img loading=\"lazy\" loading=\"lazy\" decoding=\"async\" width=\"2560\" height=\"1709\" src=\"https:\/\/molinos.jeanlogistics.com\/wp-content\/uploads\/2025\/02\/filling-flour-into-the-kneader-at-the-bakery-2023-11-27-05-29-51-utc-scaled.jpg\" class=\"attachment-full size-full wp-image-5680\" alt=\"\" srcset=\"https:\/\/molinos.jeanlogistics.com\/wp-content\/uploads\/2025\/02\/filling-flour-into-the-kneader-at-the-bakery-2023-11-27-05-29-51-utc-scaled.jpg 2560w, https:\/\/molinos.jeanlogistics.com\/wp-content\/uploads\/2025\/02\/filling-flour-into-the-kneader-at-the-bakery-2023-11-27-05-29-51-utc-300x200.jpg 300w, https:\/\/molinos.jeanlogistics.com\/wp-content\/uploads\/2025\/02\/filling-flour-into-the-kneader-at-the-bakery-2023-11-27-05-29-51-utc-1024x684.jpg 1024w, https:\/\/molinos.jeanlogistics.com\/wp-content\/uploads\/2025\/02\/filling-flour-into-the-kneader-at-the-bakery-2023-11-27-05-29-51-utc-768x513.jpg 768w, https:\/\/molinos.jeanlogistics.com\/wp-content\/uploads\/2025\/02\/filling-flour-into-the-kneader-at-the-bakery-2023-11-27-05-29-51-utc-1536x1025.jpg 1536w, https:\/\/molinos.jeanlogistics.com\/wp-content\/uploads\/2025\/02\/filling-flour-into-the-kneader-at-the-bakery-2023-11-27-05-29-51-utc-2048x1367.jpg 2048w, https:\/\/molinos.jeanlogistics.com\/wp-content\/uploads\/2025\/02\/filling-flour-into-the-kneader-at-the-bakery-2023-11-27-05-29-51-utc-200x134.jpg 200w, https:\/\/molinos.jeanlogistics.com\/wp-content\/uploads\/2025\/02\/filling-flour-into-the-kneader-at-the-bakery-2023-11-27-05-29-51-utc-600x401.jpg 600w, https:\/\/molinos.jeanlogistics.com\/wp-content\/uploads\/2025\/02\/filling-flour-into-the-kneader-at-the-bakery-2023-11-27-05-29-51-utc-10x7.jpg 10w\" sizes=\"(max-width: 2560px) 100vw, 2560px\" \/><\/figure><div class=\"elementor-image-box-content\"><h3 class=\"elementor-image-box-title\">Industrial<\/h3><p class=\"elementor-image-box-description\">Bbrindamos soluciones personalizadas y r\u00e1pidas para el sector industrial, asegurando productos que impulsan tu producci\u00f3n y negocio.<\/p><\/div><\/div>\t\t\t\t<\/div>\n\t\t\t\t<\/div>\n\t\t\t\t<div class=\"elementor-element elementor-element-3f4703f elementor-mobile-align-center elementor-align-center elementor-widget elementor-widget-text_button\" data-id=\"3f4703f\" data-element_type=\"widget\" data-widget_type=\"text_button.default\">\n\t\t\t\t<div class=\"elementor-widget-container\">\n\t\t\t\t\t<div class=\"etheme-button-wrapper\"><a href=\"https:\/\/molinos.jeanlogistics.com\/index.php\/industrial\/\" class=\"fill-bottom has-fill etheme-text-button elementor-button\" role=\"button\">\r\n        <span class=\"elementor-button-content-wrapper\">\r\n            \r\n\t\t\t<span class=\"elementor-button-text\">\u00a1Conocer m\u00e1s !<\/span>\r\n\r\n            \r\n            \r\n        <\/span><\/a><\/div>\t\t\t\t<\/div>\n\t\t\t\t<\/div>\n\t\t\t\t<\/div>\n\t\t<div class=\"elementor-element elementor-element-80aae8e e-con-full e-flex e-con e-child\" data-id=\"80aae8e\" data-element_type=\"container\">\n\t\t\t\t<div class=\"elementor-element elementor-element-5dc3ec7 elementor-position-top elementor-widget elementor-widget-image-box\" data-id=\"5dc3ec7\" data-element_type=\"widget\" data-widget_type=\"image-box.default\">\n\t\t\t\t<div class=\"elementor-widget-container\">\n\t\t\t\t\t<div class=\"elementor-image-box-wrapper\"><figure class=\"elementor-image-box-img\"><img loading=\"lazy\" loading=\"lazy\" decoding=\"async\" width=\"2560\" height=\"1709\" src=\"https:\/\/molinos.jeanlogistics.com\/wp-content\/uploads\/2025\/02\/Bodega-sacos-de-harina-los-gallos2-scaled.jpg\" class=\"attachment-full size-full wp-image-5678\" alt=\"\" srcset=\"https:\/\/molinos.jeanlogistics.com\/wp-content\/uploads\/2025\/02\/Bodega-sacos-de-harina-los-gallos2-scaled.jpg 2560w, https:\/\/molinos.jeanlogistics.com\/wp-content\/uploads\/2025\/02\/Bodega-sacos-de-harina-los-gallos2-300x200.jpg 300w, https:\/\/molinos.jeanlogistics.com\/wp-content\/uploads\/2025\/02\/Bodega-sacos-de-harina-los-gallos2-1024x684.jpg 1024w, https:\/\/molinos.jeanlogistics.com\/wp-content\/uploads\/2025\/02\/Bodega-sacos-de-harina-los-gallos2-768x513.jpg 768w, https:\/\/molinos.jeanlogistics.com\/wp-content\/uploads\/2025\/02\/Bodega-sacos-de-harina-los-gallos2-1536x1025.jpg 1536w, https:\/\/molinos.jeanlogistics.com\/wp-content\/uploads\/2025\/02\/Bodega-sacos-de-harina-los-gallos2-2048x1367.jpg 2048w, https:\/\/molinos.jeanlogistics.com\/wp-content\/uploads\/2025\/02\/Bodega-sacos-de-harina-los-gallos2-200x134.jpg 200w, https:\/\/molinos.jeanlogistics.com\/wp-content\/uploads\/2025\/02\/Bodega-sacos-de-harina-los-gallos2-600x401.jpg 600w, https:\/\/molinos.jeanlogistics.com\/wp-content\/uploads\/2025\/02\/Bodega-sacos-de-harina-los-gallos2-10x7.jpg 10w\" sizes=\"(max-width: 2560px) 100vw, 2560px\" \/><\/figure><div class=\"elementor-image-box-content\"><h3 class=\"elementor-image-box-title\">Distribuidor<\/h3><p class=\"elementor-image-box-description\">Proporcionamos harinas de alta calidad y soporte t\u00e9cnico para diferenciarte en el mercado y asegurar el crecimiento de tu negocio.<\/p><\/div><\/div>\t\t\t\t<\/div>\n\t\t\t\t<\/div>\n\t\t\t\t<div class=\"elementor-element elementor-element-03a00b8 elementor-mobile-align-center elementor-align-center elementor-widget elementor-widget-text_button\" data-id=\"03a00b8\" data-element_type=\"widget\" data-widget_type=\"text_button.default\">\n\t\t\t\t<div class=\"elementor-widget-container\">\n\t\t\t\t\t<div class=\"etheme-button-wrapper\"><a href=\"https:\/\/molinos.jeanlogistics.com\/index.php\/index.php\/distribuidor\/\" class=\"fill-bottom has-fill etheme-text-button elementor-button\" role=\"button\">\r\n        <span class=\"elementor-button-content-wrapper\">\r\n            \r\n\t\t\t<span class=\"elementor-button-text\">\u00a1Conocer m\u00e1s !<\/span>\r\n\r\n            \r\n            \r\n        <\/span><\/a><\/div>\t\t\t\t<\/div>\n\t\t\t\t<\/div>\n\t\t\t\t<\/div>\n\t\t<div class=\"elementor-element elementor-element-601c957 e-con-full e-flex e-con e-child\" data-id=\"601c957\" data-element_type=\"container\">\n\t\t\t\t<div class=\"elementor-element elementor-element-738fb66 elementor-position-top elementor-widget elementor-widget-image-box\" data-id=\"738fb66\" data-element_type=\"widget\" data-widget_type=\"image-box.default\">\n\t\t\t\t<div class=\"elementor-widget-container\">\n\t\t\t\t\t<div class=\"elementor-image-box-wrapper\"><figure class=\"elementor-image-box-img\"><img loading=\"lazy\" loading=\"lazy\" decoding=\"async\" width=\"6016\" height=\"4016\" src=\"https:\/\/molinos.jeanlogistics.com\/wp-content\/uploads\/2025\/02\/anaquel-Noroeste-Hermosillo.png\" class=\"attachment-full size-full wp-image-5679\" alt=\"\" srcset=\"https:\/\/molinos.jeanlogistics.com\/wp-content\/uploads\/2025\/02\/anaquel-Noroeste-Hermosillo.png 6016w, https:\/\/molinos.jeanlogistics.com\/wp-content\/uploads\/2025\/02\/anaquel-Noroeste-Hermosillo-300x200.png 300w, https:\/\/molinos.jeanlogistics.com\/wp-content\/uploads\/2025\/02\/anaquel-Noroeste-Hermosillo-1024x684.png 1024w, https:\/\/molinos.jeanlogistics.com\/wp-content\/uploads\/2025\/02\/anaquel-Noroeste-Hermosillo-768x513.png 768w, https:\/\/molinos.jeanlogistics.com\/wp-content\/uploads\/2025\/02\/anaquel-Noroeste-Hermosillo-1536x1025.png 1536w, https:\/\/molinos.jeanlogistics.com\/wp-content\/uploads\/2025\/02\/anaquel-Noroeste-Hermosillo-2048x1367.png 2048w, https:\/\/molinos.jeanlogistics.com\/wp-content\/uploads\/2025\/02\/anaquel-Noroeste-Hermosillo-200x134.png 200w, https:\/\/molinos.jeanlogistics.com\/wp-content\/uploads\/2025\/02\/anaquel-Noroeste-Hermosillo-600x401.png 600w, https:\/\/molinos.jeanlogistics.com\/wp-content\/uploads\/2025\/02\/anaquel-Noroeste-Hermosillo-10x7.png 10w\" sizes=\"(max-width: 6016px) 100vw, 6016px\" \/><\/figure><div class=\"elementor-image-box-content\"><h3 class=\"elementor-image-box-title\">Anaquel<\/h3><p class=\"elementor-image-box-description\">Nuestras harinas destacan en el mercado por su calidad superior y excelente relaci\u00f3n calidad-precio, superando las expectativas de los consumidores. <\/p><\/div><\/div>\t\t\t\t<\/div>\n\t\t\t\t<\/div>\n\t\t\t\t<div class=\"elementor-element elementor-element-3faefc4 elementor-mobile-align-center elementor-align-center elementor-widget elementor-widget-text_button\" data-id=\"3faefc4\" data-element_type=\"widget\" data-widget_type=\"text_button.default\">\n\t\t\t\t<div class=\"elementor-widget-container\">\n\t\t\t\t\t<div class=\"etheme-button-wrapper\"><a href=\"https:\/\/molinos.jeanlogistics.com\/index.php\/index.php\/anaquel\/\" class=\"fill-bottom has-fill etheme-text-button elementor-button\" role=\"button\">\r\n        <span class=\"elementor-button-content-wrapper\">\r\n            \r\n\t\t\t<span class=\"elementor-button-text\">\u00a1Conocer m\u00e1s !<\/span>\r\n\r\n            \r\n            \r\n        <\/span><\/a><\/div>\t\t\t\t<\/div>\n\t\t\t\t<\/div>\n\t\t\t\t<\/div>\n\t\t\t\t\t<\/div>\n\t\t\t\t<\/div>\n\t\t<div class=\"elementor-element elementor-element-2d95582 e-flex e-con-boxed e-con e-parent\" data-id=\"2d95582\" data-element_type=\"container\">\n\t\t\t\t\t<div class=\"e-con-inner\">\n\t\t<div class=\"elementor-element elementor-element-a43cf00 e-con-full e-flex e-con e-child\" data-id=\"a43cf00\" data-element_type=\"container\">\n\t\t\t\t<div class=\"elementor-element elementor-element-a7976e4 elementor-position-top elementor-widget elementor-widget-image-box\" data-id=\"a7976e4\" data-element_type=\"widget\" data-widget_type=\"image-box.default\">\n\t\t\t\t<div class=\"elementor-widget-container\">\n\t\t\t\t\t<div class=\"elementor-image-box-wrapper\"><figure class=\"elementor-image-box-img\"><img loading=\"lazy\" loading=\"lazy\" decoding=\"async\" width=\"2560\" height=\"1709\" src=\"https:\/\/molinos.jeanlogistics.com\/wp-content\/uploads\/2025\/02\/baker-kneading-dough-in-a-bakery-2024-10-17-02-22-14-utc-scaled.jpg\" class=\"attachment-full size-full wp-image-5675\" alt=\"\" srcset=\"https:\/\/molinos.jeanlogistics.com\/wp-content\/uploads\/2025\/02\/baker-kneading-dough-in-a-bakery-2024-10-17-02-22-14-utc-scaled.jpg 2560w, https:\/\/molinos.jeanlogistics.com\/wp-content\/uploads\/2025\/02\/baker-kneading-dough-in-a-bakery-2024-10-17-02-22-14-utc-300x200.jpg 300w, https:\/\/molinos.jeanlogistics.com\/wp-content\/uploads\/2025\/02\/baker-kneading-dough-in-a-bakery-2024-10-17-02-22-14-utc-1024x684.jpg 1024w, https:\/\/molinos.jeanlogistics.com\/wp-content\/uploads\/2025\/02\/baker-kneading-dough-in-a-bakery-2024-10-17-02-22-14-utc-768x513.jpg 768w, https:\/\/molinos.jeanlogistics.com\/wp-content\/uploads\/2025\/02\/baker-kneading-dough-in-a-bakery-2024-10-17-02-22-14-utc-1536x1025.jpg 1536w, https:\/\/molinos.jeanlogistics.com\/wp-content\/uploads\/2025\/02\/baker-kneading-dough-in-a-bakery-2024-10-17-02-22-14-utc-2048x1367.jpg 2048w, https:\/\/molinos.jeanlogistics.com\/wp-content\/uploads\/2025\/02\/baker-kneading-dough-in-a-bakery-2024-10-17-02-22-14-utc-200x134.jpg 200w, https:\/\/molinos.jeanlogistics.com\/wp-content\/uploads\/2025\/02\/baker-kneading-dough-in-a-bakery-2024-10-17-02-22-14-utc-600x401.jpg 600w, https:\/\/molinos.jeanlogistics.com\/wp-content\/uploads\/2025\/02\/baker-kneading-dough-in-a-bakery-2024-10-17-02-22-14-utc-10x7.jpg 10w\" sizes=\"(max-width: 2560px) 100vw, 2560px\" \/><\/figure><div class=\"elementor-image-box-content\"><h3 class=\"elementor-image-box-title\">Panader\u00eda<\/h3><p class=\"elementor-image-box-description\">Entendemos que cada pan cuenta su propia historia. Nuestras harinas est\u00e1n dise\u00f1adas para ayudarte a lograr panes con textura, sabor y consistencia excepcionales. <\/p><\/div><\/div>\t\t\t\t<\/div>\n\t\t\t\t<\/div>\n\t\t\t\t<div class=\"elementor-element elementor-element-be3496c elementor-mobile-align-center elementor-align-center elementor-widget elementor-widget-text_button\" data-id=\"be3496c\" data-element_type=\"widget\" data-widget_type=\"text_button.default\">\n\t\t\t\t<div class=\"elementor-widget-container\">\n\t\t\t\t\t<div class=\"etheme-button-wrapper\"><a href=\"https:\/\/molinos.jeanlogistics.com\/index.php\/index.php\/panaderia\/\" class=\"fill-bottom has-fill etheme-text-button elementor-button\" role=\"button\">\r\n        <span class=\"elementor-button-content-wrapper\">\r\n            \r\n\t\t\t<span class=\"elementor-button-text\">\u00a1Conocer m\u00e1s !<\/span>\r\n\r\n            \r\n            \r\n        <\/span><\/a><\/div>\t\t\t\t<\/div>\n\t\t\t\t<\/div>\n\t\t\t\t<\/div>\n\t\t<div class=\"elementor-element elementor-element-046da1d e-con-full e-flex e-con e-child\" data-id=\"046da1d\" data-element_type=\"container\">\n\t\t\t\t<div class=\"elementor-element elementor-element-3f8d54e elementor-position-top elementor-widget elementor-widget-image-box\" data-id=\"3f8d54e\" data-element_type=\"widget\" data-widget_type=\"image-box.default\">\n\t\t\t\t<div class=\"elementor-widget-container\">\n\t\t\t\t\t<div class=\"elementor-image-box-wrapper\"><figure class=\"elementor-image-box-img\"><img loading=\"lazy\" loading=\"lazy\" decoding=\"async\" width=\"2560\" height=\"1709\" src=\"https:\/\/molinos.jeanlogistics.com\/wp-content\/uploads\/2025\/02\/the-chef-prepares-the-dough-for-tortillas-and-burg-2025-01-10-20-40-20-utc-scaled.jpg\" class=\"attachment-full size-full wp-image-5681\" alt=\"\" srcset=\"https:\/\/molinos.jeanlogistics.com\/wp-content\/uploads\/2025\/02\/the-chef-prepares-the-dough-for-tortillas-and-burg-2025-01-10-20-40-20-utc-scaled.jpg 2560w, https:\/\/molinos.jeanlogistics.com\/wp-content\/uploads\/2025\/02\/the-chef-prepares-the-dough-for-tortillas-and-burg-2025-01-10-20-40-20-utc-300x200.jpg 300w, https:\/\/molinos.jeanlogistics.com\/wp-content\/uploads\/2025\/02\/the-chef-prepares-the-dough-for-tortillas-and-burg-2025-01-10-20-40-20-utc-1024x684.jpg 1024w, https:\/\/molinos.jeanlogistics.com\/wp-content\/uploads\/2025\/02\/the-chef-prepares-the-dough-for-tortillas-and-burg-2025-01-10-20-40-20-utc-768x513.jpg 768w, https:\/\/molinos.jeanlogistics.com\/wp-content\/uploads\/2025\/02\/the-chef-prepares-the-dough-for-tortillas-and-burg-2025-01-10-20-40-20-utc-1536x1025.jpg 1536w, https:\/\/molinos.jeanlogistics.com\/wp-content\/uploads\/2025\/02\/the-chef-prepares-the-dough-for-tortillas-and-burg-2025-01-10-20-40-20-utc-2048x1367.jpg 2048w, https:\/\/molinos.jeanlogistics.com\/wp-content\/uploads\/2025\/02\/the-chef-prepares-the-dough-for-tortillas-and-burg-2025-01-10-20-40-20-utc-200x134.jpg 200w, https:\/\/molinos.jeanlogistics.com\/wp-content\/uploads\/2025\/02\/the-chef-prepares-the-dough-for-tortillas-and-burg-2025-01-10-20-40-20-utc-600x401.jpg 600w, https:\/\/molinos.jeanlogistics.com\/wp-content\/uploads\/2025\/02\/the-chef-prepares-the-dough-for-tortillas-and-burg-2025-01-10-20-40-20-utc-10x7.jpg 10w\" sizes=\"(max-width: 2560px) 100vw, 2560px\" \/><\/figure><div class=\"elementor-image-box-content\"><h3 class=\"elementor-image-box-title\">Tortiller\u00eda<\/h3><p class=\"elementor-image-box-description\">Entendemos que cada tortilla es una obra maestra de sabor y tradici\u00f3n. Nuestras harinas est\u00e1n formuladas para crear tortillas suaves, flexibles y sabrosas, garantizando una cocci\u00f3n uniforme.<\/p><\/div><\/div>\t\t\t\t<\/div>\n\t\t\t\t<\/div>\n\t\t\t\t<div class=\"elementor-element elementor-element-ec9a4df elementor-mobile-align-center elementor-align-center elementor-widget elementor-widget-text_button\" data-id=\"ec9a4df\" data-element_type=\"widget\" data-widget_type=\"text_button.default\">\n\t\t\t\t<div class=\"elementor-widget-container\">\n\t\t\t\t\t<div class=\"etheme-button-wrapper\"><a href=\"https:\/\/molinos.jeanlogistics.com\/index.php\/index.php\/tortilleria\/\" class=\"fill-bottom has-fill etheme-text-button elementor-button\" role=\"button\">\r\n        <span class=\"elementor-button-content-wrapper\">\r\n            \r\n\t\t\t<span class=\"elementor-button-text\">\u00a1Conocer m\u00e1s !<\/span>\r\n\r\n            \r\n            \r\n        <\/span><\/a><\/div>\t\t\t\t<\/div>\n\t\t\t\t<\/div>\n\t\t\t\t<\/div>\n\t\t<div class=\"elementor-element elementor-element-515e1db e-con-full e-flex e-con e-child\" data-id=\"515e1db\" data-element_type=\"container\">\n\t\t\t\t<div class=\"elementor-element elementor-element-821f753 elementor-position-top elementor-widget elementor-widget-image-box\" data-id=\"821f753\" data-element_type=\"widget\" data-widget_type=\"image-box.default\">\n\t\t\t\t<div class=\"elementor-widget-container\">\n\t\t\t\t\t<div class=\"elementor-image-box-wrapper\"><figure class=\"elementor-image-box-img\"><img loading=\"lazy\" loading=\"lazy\" decoding=\"async\" width=\"2560\" height=\"1707\" src=\"https:\/\/molinos.jeanlogistics.com\/wp-content\/uploads\/2025\/02\/young-woman-placing-cakes-on-display-showcase-2023-11-27-05-03-32-utc-scaled.jpg\" class=\"attachment-full size-full wp-image-5682\" alt=\"\" srcset=\"https:\/\/molinos.jeanlogistics.com\/wp-content\/uploads\/2025\/02\/young-woman-placing-cakes-on-display-showcase-2023-11-27-05-03-32-utc-scaled.jpg 2560w, https:\/\/molinos.jeanlogistics.com\/wp-content\/uploads\/2025\/02\/young-woman-placing-cakes-on-display-showcase-2023-11-27-05-03-32-utc-300x200.jpg 300w, https:\/\/molinos.jeanlogistics.com\/wp-content\/uploads\/2025\/02\/young-woman-placing-cakes-on-display-showcase-2023-11-27-05-03-32-utc-1024x683.jpg 1024w, https:\/\/molinos.jeanlogistics.com\/wp-content\/uploads\/2025\/02\/young-woman-placing-cakes-on-display-showcase-2023-11-27-05-03-32-utc-768x512.jpg 768w, https:\/\/molinos.jeanlogistics.com\/wp-content\/uploads\/2025\/02\/young-woman-placing-cakes-on-display-showcase-2023-11-27-05-03-32-utc-1536x1024.jpg 1536w, https:\/\/molinos.jeanlogistics.com\/wp-content\/uploads\/2025\/02\/young-woman-placing-cakes-on-display-showcase-2023-11-27-05-03-32-utc-2048x1365.jpg 2048w, https:\/\/molinos.jeanlogistics.com\/wp-content\/uploads\/2025\/02\/young-woman-placing-cakes-on-display-showcase-2023-11-27-05-03-32-utc-200x133.jpg 200w, https:\/\/molinos.jeanlogistics.com\/wp-content\/uploads\/2025\/02\/young-woman-placing-cakes-on-display-showcase-2023-11-27-05-03-32-utc-600x400.jpg 600w, https:\/\/molinos.jeanlogistics.com\/wp-content\/uploads\/2025\/02\/young-woman-placing-cakes-on-display-showcase-2023-11-27-05-03-32-utc-10x7.jpg 10w\" sizes=\"(max-width: 2560px) 100vw, 2560px\" \/><\/figure><div class=\"elementor-image-box-content\"><h3 class=\"elementor-image-box-title\">Pasteler\u00eda<\/h3><p class=\"elementor-image-box-description\">Nuestras harinas est\u00e1n dise\u00f1adas para ofrecer la textura y esponjosidad que tus creaciones requieren. Desde pasteles hasta galletas, garantizamos la calidad y consistencia necesarias para sorprender a tus clientes en cada bocado.<\/p><\/div><\/div>\t\t\t\t<\/div>\n\t\t\t\t<\/div>\n\t\t\t\t<div class=\"elementor-element elementor-element-bab6fe9 elementor-mobile-align-center elementor-align-center elementor-widget elementor-widget-text_button\" data-id=\"bab6fe9\" data-element_type=\"widget\" data-widget_type=\"text_button.default\">\n\t\t\t\t<div class=\"elementor-widget-container\">\n\t\t\t\t\t<div class=\"etheme-button-wrapper\"><a href=\"https:\/\/molinos.jeanlogistics.com\/index.php\/index.php\/pasteleria\/\" class=\"fill-bottom has-fill etheme-text-button elementor-button\" role=\"button\">\r\n        <span class=\"elementor-button-content-wrapper\">\r\n            \r\n\t\t\t<span class=\"elementor-button-text\">\u00a1Conocer m\u00e1s !<\/span>\r\n\r\n            \r\n            \r\n        <\/span><\/a><\/div>\t\t\t\t<\/div>\n\t\t\t\t<\/div>\n\t\t\t\t<\/div>\n\t\t\t\t\t<\/div>\n\t\t\t\t<\/div>\n\t\t\t\t<\/div>\n\t\t","protected":false},"excerpt":{"rendered":"<p>Clientes Todos nuestros clientes Molinos GEMSO: La Esencia de la Calidad en Cada Creaci\u00f3n En Molinos GEMSO, transformamos la experiencia culinaria con nuestras harinas de&#8230;<\/p>\n","protected":false},"author":1,"featured_media":0,"parent":0,"menu_order":0,"comment_status":"closed","ping_status":"closed","template":"","meta":{"_joinchat":[],"footnotes":""},"class_list":["post-5660","page","type-page","status-publish","hentry"],"_links":{"self":[{"href":"https:\/\/molinos.jeanlogistics.com\/index.php\/wp-json\/wp\/v2\/pages\/5660"}],"collection":[{"href":"https:\/\/molinos.jeanlogistics.com\/index.php\/wp-json\/wp\/v2\/pages"}],"about":[{"href":"https:\/\/molinos.jeanlogistics.com\/index.php\/wp-json\/wp\/v2\/types\/page"}],"author":[{"embeddable":true,"href":"https:\/\/molinos.jeanlogistics.com\/index.php\/wp-json\/wp\/v2\/users\/1"}],"replies":[{"embeddable":true,"href":"https:\/\/molinos.jeanlogistics.com\/index.php\/wp-json\/wp\/v2\/comments?post=5660"}],"version-history":[{"count":55,"href":"https:\/\/molinos.jeanlogistics.com\/index.php\/wp-json\/wp\/v2\/pages\/5660\/revisions"}],"predecessor-version":[{"id":6509,"href":"https:\/\/molinos.jeanlogistics.com\/index.php\/wp-json\/wp\/v2\/pages\/5660\/revisions\/6509"}],"wp:attachment":[{"href":"https:\/\/molinos.jeanlogistics.com\/index.php\/wp-json\/wp\/v2\/media?parent=5660"}],"curies":[{"name":"wp","href":"https:\/\/api.w.org\/{rel}","templated":true}]}}