{"id":5720,"date":"2025-02-05T14:40:09","date_gmt":"2025-02-05T14:40:09","guid":{"rendered":"http:\/\/localhost\/gemso\/?page_id=5720"},"modified":"2025-05-09T15:40:05","modified_gmt":"2025-05-09T15:40:05","slug":"distribuidor","status":"publish","type":"page","link":"https:\/\/molinos.jeanlogistics.com\/index.php\/distribuidor\/","title":{"rendered":"Distribuidor"},"content":{"rendered":"\t\t<div data-elementor-type=\"wp-page\" data-elementor-id=\"5720\" class=\"elementor elementor-5720\" data-elementor-post-type=\"page\">\n\t\t\t\t<div class=\"elementor-element elementor-element-f13789f e-flex e-con-boxed e-con e-parent\" data-id=\"f13789f\" data-element_type=\"container\" data-settings=\"{&quot;background_background&quot;:&quot;classic&quot;}\">\n\t\t\t\t\t<div class=\"e-con-inner\">\n\t\t<div class=\"elementor-element elementor-element-98032af e-con-full e-flex e-con e-child\" data-id=\"98032af\" data-element_type=\"container\">\n\t\t\t\t<div class=\"elementor-element elementor-element-a653836 elementor-widget elementor-widget-heading\" data-id=\"a653836\" data-element_type=\"widget\" data-widget_type=\"heading.default\">\n\t\t\t\t<div class=\"elementor-widget-container\">\n\t\t\t\t\t<h2 class=\"elementor-heading-title elementor-size-default\">Distribuidor<\/h2>\t\t\t\t<\/div>\n\t\t\t\t<\/div>\n\t\t\t\t<div class=\"elementor-element elementor-element-9143c05 elementor-widget elementor-widget-heading\" data-id=\"9143c05\" data-element_type=\"widget\" data-widget_type=\"heading.default\">\n\t\t\t\t<div class=\"elementor-widget-container\">\n\t\t\t\t\t<h2 class=\"elementor-heading-title elementor-size-default\">Productos de calidad para crecer junto<\/h2>\t\t\t\t<\/div>\n\t\t\t\t<\/div>\n\t\t\t\t<\/div>\n\t\t\t\t\t<\/div>\n\t\t\t\t<\/div>\n\t\t\t\t<section class=\"elementor-section elementor-top-section elementor-element elementor-element-2fb6f82 elementor-section-content-middle elementor-section-boxed elementor-section-height-default elementor-section-height-default elementor-invisible\" data-id=\"2fb6f82\" data-element_type=\"section\" data-settings=\"{&quot;animation&quot;:&quot;fadeInUp&quot;}\">\n\t\t\t\t\t\t<div class=\"elementor-container elementor-column-gap-no\">\n\t\t\t\t\t<div class=\"elementor-column elementor-col-50 elementor-top-column elementor-element elementor-element-3ba83e9\" data-id=\"3ba83e9\" data-element_type=\"column\">\n\t\t\t<div class=\"elementor-widget-wrap elementor-element-populated\">\n\t\t\t\t\t\t<div class=\"elementor-element elementor-element-f55f99d elementor-widget elementor-widget-heading\" data-id=\"f55f99d\" data-element_type=\"widget\" data-widget_type=\"heading.default\">\n\t\t\t\t<div class=\"elementor-widget-container\">\n\t\t\t\t\t<h2 class=\"elementor-heading-title elementor-size-default\">Productos de Alta Calidad<\/h2>\t\t\t\t<\/div>\n\t\t\t\t<\/div>\n\t\t\t\t<div class=\"elementor-element elementor-element-64afc5f elementor-widget elementor-widget-text-editor\" data-id=\"64afc5f\" data-element_type=\"widget\" data-widget_type=\"text-editor.default\">\n\t\t\t\t<div class=\"elementor-widget-container\">\n\t\t\t\t\t\t\t\t\t<p>En Molinos GEMSO, entendemos que la calidad de los productos es fundamental para el \u00e9xito de tu negocio. Por eso, ofrecemos harinas certificadas que cumplen con los m\u00e1s altos est\u00e1ndares de calidad. Nuestros productos no solo generan confianza en tus clientes, sino que tambi\u00e9n te permiten diferenciarte en un mercado competitivo. Al elegir nuestras harinas, est\u00e1s invirtiendo en la excelencia que tu negocio necesita para destacar y crecer.<\/p>\t\t\t\t\t\t\t\t<\/div>\n\t\t\t\t<\/div>\n\t\t\t\t<div class=\"elementor-element elementor-element-e8fc4d4 elementor-align-left elementor-mobile-align-center elementor-widget elementor-widget-text_button\" data-id=\"e8fc4d4\" data-element_type=\"widget\" data-widget_type=\"text_button.default\">\n\t\t\t\t<div class=\"elementor-widget-container\">\n\t\t\t\t\t<div class=\"etheme-button-wrapper\"><a href=\"#\" class=\"fill-bottom has-fill etheme-text-button elementor-button\" role=\"button\">\r\n        <span class=\"elementor-button-content-wrapper\">\r\n                        <span class=\"elementor-button-icon animation-background_ltr\">\r\n                <i aria-hidden=\"true\" class=\"et-icon et-grid-2-columns\"><\/i>            <\/span>\r\n        \r\n\t\t\t<span class=\"elementor-button-text\">\u00a1Conocer categoria!<\/span>\r\n\r\n            \r\n            \r\n        <\/span><\/a><\/div>\t\t\t\t<\/div>\n\t\t\t\t<\/div>\n\t\t\t\t\t<\/div>\n\t\t<\/div>\n\t\t\t\t<div class=\"elementor-column elementor-col-50 elementor-top-column elementor-element elementor-element-9f4e656\" data-id=\"9f4e656\" data-element_type=\"column\">\n\t\t\t<div class=\"elementor-widget-wrap elementor-element-populated\">\n\t\t\t\t\t\t<div class=\"elementor-element elementor-element-3b44e5e etheme-elementor-widget-loaded elementor-widget elementor-widget-image\" data-id=\"3b44e5e\" data-element_type=\"widget\" data-widget_type=\"image.default\">\n\t\t\t\t<div class=\"elementor-widget-container\">\n\t\t\t\t\t\t\t\t\t\t\t\t\t\t\t<img loading=\"lazy\" loading=\"lazy\" decoding=\"async\" width=\"2560\" height=\"1709\" src=\"https:\/\/molinos.jeanlogistics.com\/wp-content\/uploads\/2025\/02\/Bodega-sacos-de-harina-los-gallos2-scaled.jpg\" class=\"attachment-full size-full wp-image-5678\" alt=\"\" srcset=\"https:\/\/molinos.jeanlogistics.com\/wp-content\/uploads\/2025\/02\/Bodega-sacos-de-harina-los-gallos2-scaled.jpg 2560w, https:\/\/molinos.jeanlogistics.com\/wp-content\/uploads\/2025\/02\/Bodega-sacos-de-harina-los-gallos2-300x200.jpg 300w, https:\/\/molinos.jeanlogistics.com\/wp-content\/uploads\/2025\/02\/Bodega-sacos-de-harina-los-gallos2-1024x684.jpg 1024w, https:\/\/molinos.jeanlogistics.com\/wp-content\/uploads\/2025\/02\/Bodega-sacos-de-harina-los-gallos2-768x513.jpg 768w, https:\/\/molinos.jeanlogistics.com\/wp-content\/uploads\/2025\/02\/Bodega-sacos-de-harina-los-gallos2-1536x1025.jpg 1536w, https:\/\/molinos.jeanlogistics.com\/wp-content\/uploads\/2025\/02\/Bodega-sacos-de-harina-los-gallos2-2048x1367.jpg 2048w, https:\/\/molinos.jeanlogistics.com\/wp-content\/uploads\/2025\/02\/Bodega-sacos-de-harina-los-gallos2-200x134.jpg 200w, https:\/\/molinos.jeanlogistics.com\/wp-content\/uploads\/2025\/02\/Bodega-sacos-de-harina-los-gallos2-600x401.jpg 600w, https:\/\/molinos.jeanlogistics.com\/wp-content\/uploads\/2025\/02\/Bodega-sacos-de-harina-los-gallos2-10x7.jpg 10w\" sizes=\"(max-width: 2560px) 100vw, 2560px\" \/>\t\t\t\t\t\t\t\t\t\t\t\t\t\t\t<\/div>\n\t\t\t\t<\/div>\n\t\t\t\t\t<\/div>\n\t\t<\/div>\n\t\t\t\t\t<\/div>\n\t\t<\/section>\n\t\t\t\t<section class=\"elementor-section elementor-top-section elementor-element elementor-element-1e7e9fd elementor-section-boxed elementor-section-height-default elementor-section-height-default elementor-invisible\" data-id=\"1e7e9fd\" data-element_type=\"section\" data-settings=\"{&quot;animation&quot;:&quot;fadeInUp&quot;}\">\n\t\t\t\t\t\t<div class=\"elementor-container elementor-column-gap-no\">\n\t\t\t\t\t<div class=\"elementor-column elementor-col-50 elementor-top-column elementor-element elementor-element-e465b0a\" data-id=\"e465b0a\" data-element_type=\"column\" data-settings=\"{&quot;background_background&quot;:&quot;classic&quot;}\">\n\t\t\t<div class=\"elementor-widget-wrap elementor-element-populated\">\n\t\t\t\t\t\t<section class=\"elementor-section elementor-inner-section elementor-element elementor-element-cef4270 elementor-section-boxed elementor-section-height-default elementor-section-height-default\" data-id=\"cef4270\" data-element_type=\"section\">\n\t\t\t\t\t\t<div class=\"elementor-container elementor-column-gap-default\">\n\t\t\t\t\t<div class=\"elementor-column elementor-col-50 elementor-inner-column elementor-element elementor-element-90e09cd elementor-hidden-tablet elementor-hidden-phone\" data-id=\"90e09cd\" data-element_type=\"column\">\n\t\t\t<div class=\"elementor-widget-wrap\">\n\t\t\t\t\t\t\t<\/div>\n\t\t<\/div>\n\t\t\t\t<div class=\"elementor-column elementor-col-50 elementor-inner-column elementor-element elementor-element-548f901\" data-id=\"548f901\" data-element_type=\"column\">\n\t\t\t<div class=\"elementor-widget-wrap elementor-element-populated\">\n\t\t\t\t\t\t<div class=\"elementor-element elementor-element-f4fd0b4 elementor-widget elementor-widget-heading\" data-id=\"f4fd0b4\" data-element_type=\"widget\" data-widget_type=\"heading.default\">\n\t\t\t\t<div class=\"elementor-widget-container\">\n\t\t\t\t\t<h2 class=\"elementor-heading-title elementor-size-default\">Calidad Superior<\/h2>\t\t\t\t<\/div>\n\t\t\t\t<\/div>\n\t\t\t\t<div class=\"elementor-element elementor-element-b14c4c3 elementor-widget elementor-widget-text-editor\" data-id=\"b14c4c3\" data-element_type=\"widget\" data-widget_type=\"text-editor.default\">\n\t\t\t\t<div class=\"elementor-widget-container\">\n\t\t\t\t\t\t\t\t\t<p>Garant\u00eda de calidad que genera confianza en tus clientes. Amplia variedad de harinas y productos adaptados a diferentes necesidades. Soporte para mantener un flujo constante de producci\u00f3n y satisfacer la demanda.<\/p>\t\t\t\t\t\t\t\t<\/div>\n\t\t\t\t<\/div>\n\t\t\t\t\t<\/div>\n\t\t<\/div>\n\t\t\t\t\t<\/div>\n\t\t<\/section>\n\t\t\t\t\t<\/div>\n\t\t<\/div>\n\t\t\t\t<div class=\"elementor-column elementor-col-50 elementor-top-column elementor-element elementor-element-6eb39a3\" data-id=\"6eb39a3\" data-element_type=\"column\" data-settings=\"{&quot;background_background&quot;:&quot;classic&quot;}\">\n\t\t\t<div class=\"elementor-widget-wrap elementor-element-populated\">\n\t\t\t\t\t\t<section class=\"elementor-section elementor-inner-section elementor-element elementor-element-6073866 elementor-section-boxed elementor-section-height-default elementor-section-height-default\" data-id=\"6073866\" data-element_type=\"section\">\n\t\t\t\t\t\t<div class=\"elementor-container elementor-column-gap-default\">\n\t\t\t\t\t<div class=\"elementor-column elementor-col-50 elementor-inner-column elementor-element elementor-element-8f3c2f4 elementor-hidden-tablet elementor-hidden-phone\" data-id=\"8f3c2f4\" data-element_type=\"column\">\n\t\t\t<div class=\"elementor-widget-wrap\">\n\t\t\t\t\t\t\t<\/div>\n\t\t<\/div>\n\t\t\t\t<div class=\"elementor-column elementor-col-50 elementor-inner-column elementor-element elementor-element-760c7be\" data-id=\"760c7be\" data-element_type=\"column\">\n\t\t\t<div class=\"elementor-widget-wrap elementor-element-populated\">\n\t\t\t\t\t\t<div class=\"elementor-element elementor-element-0ed2f54 elementor-widget elementor-widget-heading\" data-id=\"0ed2f54\" data-element_type=\"widget\" data-widget_type=\"heading.default\">\n\t\t\t\t<div class=\"elementor-widget-container\">\n\t\t\t\t\t<h2 class=\"elementor-heading-title elementor-size-default\">Crecimiento Conjunto<\/h2>\t\t\t\t<\/div>\n\t\t\t\t<\/div>\n\t\t\t\t<div class=\"elementor-element elementor-element-866cb70 elementor-widget elementor-widget-text-editor\" data-id=\"866cb70\" data-element_type=\"widget\" data-widget_type=\"text-editor.default\">\n\t\t\t\t<div class=\"elementor-widget-container\">\n\t\t\t\t\t\t\t\t\t<p>\u00a0Estrategias dise\u00f1adas para expandir tu operaci\u00f3n y aumentar tu presencia en el mercado.<\/p>\t\t\t\t\t\t\t\t<\/div>\n\t\t\t\t<\/div>\n\t\t\t\t\t<\/div>\n\t\t<\/div>\n\t\t\t\t\t<\/div>\n\t\t<\/section>\n\t\t\t\t\t<\/div>\n\t\t<\/div>\n\t\t\t\t\t<\/div>\n\t\t<\/section>\n\t\t\t\t<section class=\"elementor-section elementor-top-section elementor-element elementor-element-119b0f1 elementor-section-content-middle elementor-section-boxed elementor-section-height-default elementor-section-height-default elementor-invisible\" data-id=\"119b0f1\" data-element_type=\"section\" data-settings=\"{&quot;animation&quot;:&quot;fadeInUp&quot;}\">\n\t\t\t\t\t\t<div class=\"elementor-container elementor-column-gap-no\">\n\t\t\t\t\t<div class=\"elementor-column elementor-col-50 elementor-top-column elementor-element elementor-element-ae619b4\" data-id=\"ae619b4\" data-element_type=\"column\">\n\t\t\t<div class=\"elementor-widget-wrap elementor-element-populated\">\n\t\t\t\t\t\t<div class=\"elementor-element elementor-element-355afae etheme-elementor-widget-loaded elementor-widget elementor-widget-image\" data-id=\"355afae\" data-element_type=\"widget\" data-widget_type=\"image.default\">\n\t\t\t\t<div class=\"elementor-widget-container\">\n\t\t\t\t\t\t\t\t\t\t\t\t\t\t\t<img loading=\"lazy\" loading=\"lazy\" decoding=\"async\" width=\"2560\" height=\"1707\" src=\"https:\/\/molinos.jeanlogistics.com\/wp-content\/uploads\/2025\/02\/Distribuidor-stacks-of-packaged-goods-ready-for-distribution-in-2024-03-12-17-40-50-utc-scaled.jpg\" class=\"attachment-full size-full wp-image-5724\" alt=\"\" srcset=\"https:\/\/molinos.jeanlogistics.com\/wp-content\/uploads\/2025\/02\/Distribuidor-stacks-of-packaged-goods-ready-for-distribution-in-2024-03-12-17-40-50-utc-scaled.jpg 2560w, https:\/\/molinos.jeanlogistics.com\/wp-content\/uploads\/2025\/02\/Distribuidor-stacks-of-packaged-goods-ready-for-distribution-in-2024-03-12-17-40-50-utc-300x200.jpg 300w, https:\/\/molinos.jeanlogistics.com\/wp-content\/uploads\/2025\/02\/Distribuidor-stacks-of-packaged-goods-ready-for-distribution-in-2024-03-12-17-40-50-utc-1024x683.jpg 1024w, https:\/\/molinos.jeanlogistics.com\/wp-content\/uploads\/2025\/02\/Distribuidor-stacks-of-packaged-goods-ready-for-distribution-in-2024-03-12-17-40-50-utc-768x512.jpg 768w, https:\/\/molinos.jeanlogistics.com\/wp-content\/uploads\/2025\/02\/Distribuidor-stacks-of-packaged-goods-ready-for-distribution-in-2024-03-12-17-40-50-utc-1536x1024.jpg 1536w, https:\/\/molinos.jeanlogistics.com\/wp-content\/uploads\/2025\/02\/Distribuidor-stacks-of-packaged-goods-ready-for-distribution-in-2024-03-12-17-40-50-utc-2048x1365.jpg 2048w, https:\/\/molinos.jeanlogistics.com\/wp-content\/uploads\/2025\/02\/Distribuidor-stacks-of-packaged-goods-ready-for-distribution-in-2024-03-12-17-40-50-utc-200x133.jpg 200w, https:\/\/molinos.jeanlogistics.com\/wp-content\/uploads\/2025\/02\/Distribuidor-stacks-of-packaged-goods-ready-for-distribution-in-2024-03-12-17-40-50-utc-600x400.jpg 600w, https:\/\/molinos.jeanlogistics.com\/wp-content\/uploads\/2025\/02\/Distribuidor-stacks-of-packaged-goods-ready-for-distribution-in-2024-03-12-17-40-50-utc-10x7.jpg 10w\" sizes=\"(max-width: 2560px) 100vw, 2560px\" \/>\t\t\t\t\t\t\t\t\t\t\t\t\t\t\t<\/div>\n\t\t\t\t<\/div>\n\t\t\t\t\t<\/div>\n\t\t<\/div>\n\t\t\t\t<div class=\"elementor-column elementor-col-50 elementor-top-column elementor-element elementor-element-2df7a8b\" data-id=\"2df7a8b\" data-element_type=\"column\">\n\t\t\t<div class=\"elementor-widget-wrap elementor-element-populated\">\n\t\t\t\t\t\t<div class=\"elementor-element elementor-element-83e67e1 elementor-widget elementor-widget-heading\" data-id=\"83e67e1\" data-element_type=\"widget\" data-widget_type=\"heading.default\">\n\t\t\t\t<div class=\"elementor-widget-container\">\n\t\t\t\t\t<h2 class=\"elementor-heading-title elementor-size-default\">Soporte T\u00e9cnico y Asesor\u00eda<\/h2>\t\t\t\t<\/div>\n\t\t\t\t<\/div>\n\t\t\t\t<div class=\"elementor-element elementor-element-f3f2ee5 elementor-widget elementor-widget-text-editor\" data-id=\"f3f2ee5\" data-element_type=\"widget\" data-widget_type=\"text-editor.default\">\n\t\t\t\t<div class=\"elementor-widget-container\">\n\t\t\t\t\t\t\t\t\t<p>Nuestro compromiso en Molinos GEMSO va m\u00e1s all\u00e1 de ofrecer productos de calidad; queremos ser tu socio confiable en cada paso del camino. Brindamos soporte t\u00e9cnico constante para asegurarnos de que tu negocio siempre tenga lo que necesita. Nuestro equipo de expertos est\u00e1 disponible para ofrecerte asesor\u00eda personalizada, ayud\u00e1ndote a optimizar tus procesos y a resolver cualquier inquietud que puedas tener. Juntos, trabajaremos para que tu operaci\u00f3n sea m\u00e1s eficiente y exitosa.<\/p>\t\t\t\t\t\t\t\t<\/div>\n\t\t\t\t<\/div>\n\t\t\t\t<div class=\"elementor-element elementor-element-268411f elementor-align-left elementor-mobile-align-center elementor-widget elementor-widget-text_button\" data-id=\"268411f\" data-element_type=\"widget\" data-widget_type=\"text_button.default\">\n\t\t\t\t<div class=\"elementor-widget-container\">\n\t\t\t\t\t<div class=\"etheme-button-wrapper\"><a href=\"https:\/\/molinos.jeanlogistics.com\/index.php\/contacto\/\" class=\"fill-bottom has-fill etheme-text-button elementor-button\" role=\"button\">\r\n        <span class=\"elementor-button-content-wrapper\">\r\n                        <span class=\"elementor-button-icon animation-background_ltr\">\r\n                <i aria-hidden=\"true\" class=\"et-icon et-phone-call\"><\/i>            <\/span>\r\n        \r\n\t\t\t<span class=\"elementor-button-text\">\u00a1Contactar asesor!<\/span>\r\n\r\n            \r\n            \r\n        <\/span><\/a><\/div>\t\t\t\t<\/div>\n\t\t\t\t<\/div>\n\t\t\t\t\t<\/div>\n\t\t<\/div>\n\t\t\t\t\t<\/div>\n\t\t<\/section>\n\t\t\t\t<\/div>\n\t\t","protected":false},"excerpt":{"rendered":"<p>Distribuidor Productos de calidad para crecer junto Productos de Alta Calidad En Molinos GEMSO, entendemos que la calidad de los productos es fundamental para el&#8230;<\/p>\n","protected":false},"author":1,"featured_media":0,"parent":0,"menu_order":0,"comment_status":"closed","ping_status":"closed","template":"","meta":{"_joinchat":[],"footnotes":""},"class_list":["post-5720","page","type-page","status-publish","hentry"],"_links":{"self":[{"href":"https:\/\/molinos.jeanlogistics.com\/index.php\/wp-json\/wp\/v2\/pages\/5720"}],"collection":[{"href":"https:\/\/molinos.jeanlogistics.com\/index.php\/wp-json\/wp\/v2\/pages"}],"about":[{"href":"https:\/\/molinos.jeanlogistics.com\/index.php\/wp-json\/wp\/v2\/types\/page"}],"author":[{"embeddable":true,"href":"https:\/\/molinos.jeanlogistics.com\/index.php\/wp-json\/wp\/v2\/users\/1"}],"replies":[{"embeddable":true,"href":"https:\/\/molinos.jeanlogistics.com\/index.php\/wp-json\/wp\/v2\/comments?post=5720"}],"version-history":[{"count":43,"href":"https:\/\/molinos.jeanlogistics.com\/index.php\/wp-json\/wp\/v2\/pages\/5720\/revisions"}],"predecessor-version":[{"id":6468,"href":"https:\/\/molinos.jeanlogistics.com\/index.php\/wp-json\/wp\/v2\/pages\/5720\/revisions\/6468"}],"wp:attachment":[{"href":"https:\/\/molinos.jeanlogistics.com\/index.php\/wp-json\/wp\/v2\/media?parent=5720"}],"curies":[{"name":"wp","href":"https:\/\/api.w.org\/{rel}","templated":true}]}}