{"id":5744,"date":"2025-02-05T14:59:09","date_gmt":"2025-02-05T14:59:09","guid":{"rendered":"http:\/\/localhost\/gemso\/?page_id=5744"},"modified":"2025-05-09T15:38:52","modified_gmt":"2025-05-09T15:38:52","slug":"anaquel","status":"publish","type":"page","link":"https:\/\/molinos.jeanlogistics.com\/index.php\/anaquel\/","title":{"rendered":"Anaquel"},"content":{"rendered":"\t\t<div data-elementor-type=\"wp-page\" data-elementor-id=\"5744\" class=\"elementor elementor-5744\" data-elementor-post-type=\"page\">\n\t\t\t\t<div class=\"elementor-element elementor-element-2c798d3 e-flex e-con-boxed e-con e-parent\" data-id=\"2c798d3\" data-element_type=\"container\" data-settings=\"{&quot;background_background&quot;:&quot;classic&quot;}\">\n\t\t\t\t\t<div class=\"e-con-inner\">\n\t\t<div class=\"elementor-element elementor-element-ecb0831 e-con-full e-flex e-con e-child\" data-id=\"ecb0831\" data-element_type=\"container\">\n\t\t\t\t<div class=\"elementor-element elementor-element-de648ca elementor-widget elementor-widget-heading\" data-id=\"de648ca\" data-element_type=\"widget\" data-widget_type=\"heading.default\">\n\t\t\t\t<div class=\"elementor-widget-container\">\n\t\t\t\t\t<h2 class=\"elementor-heading-title elementor-size-default\">Anaquel<\/h2>\t\t\t\t<\/div>\n\t\t\t\t<\/div>\n\t\t\t\t<div class=\"elementor-element elementor-element-254715e elementor-widget elementor-widget-heading\" data-id=\"254715e\" data-element_type=\"widget\" data-widget_type=\"heading.default\">\n\t\t\t\t<div class=\"elementor-widget-container\">\n\t\t\t\t\t<h2 class=\"elementor-heading-title elementor-size-default\">Calidad que destaca en tu anaquel<\/h2>\t\t\t\t<\/div>\n\t\t\t\t<\/div>\n\t\t\t\t<\/div>\n\t\t\t\t\t<\/div>\n\t\t\t\t<\/div>\n\t\t\t\t<section class=\"elementor-section elementor-top-section elementor-element elementor-element-7d6426f elementor-section-content-middle elementor-section-boxed elementor-section-height-default elementor-section-height-default elementor-invisible\" data-id=\"7d6426f\" data-element_type=\"section\" data-settings=\"{&quot;animation&quot;:&quot;fadeInUp&quot;}\">\n\t\t\t\t\t\t<div class=\"elementor-container elementor-column-gap-no\">\n\t\t\t\t\t<div class=\"elementor-column elementor-col-50 elementor-top-column elementor-element elementor-element-2f1389b\" data-id=\"2f1389b\" data-element_type=\"column\">\n\t\t\t<div class=\"elementor-widget-wrap elementor-element-populated\">\n\t\t\t\t\t\t<div class=\"elementor-element elementor-element-2f1ca6f elementor-widget elementor-widget-heading\" data-id=\"2f1ca6f\" data-element_type=\"widget\" data-widget_type=\"heading.default\">\n\t\t\t\t<div class=\"elementor-widget-container\">\n\t\t\t\t\t<h2 class=\"elementor-heading-title elementor-size-default\">Harinas que Captan la Atenci\u00f3n<\/h2>\t\t\t\t<\/div>\n\t\t\t\t<\/div>\n\t\t\t\t<div class=\"elementor-element elementor-element-1ffbafc elementor-widget elementor-widget-text-editor\" data-id=\"1ffbafc\" data-element_type=\"widget\" data-widget_type=\"text-editor.default\">\n\t\t\t\t<div class=\"elementor-widget-container\">\n\t\t\t\t\t\t\t\t\t<p>En Molinos GEMSO, entendemos la importancia de la presentaci\u00f3n y la calidad en el punto de venta. Nuestras harinas est\u00e1n cuidadosamente formuladas para no solo cumplir con los est\u00e1ndares de calidad, sino para sobresalir en los anaqueles. Con una calidad superior y una excelente relaci\u00f3n calidad-precio, nuestros productos est\u00e1n dise\u00f1ados para captar la atenci\u00f3n de tus clientes y fomentar su confianza en tu marca. Al elegir nuestras harinas, est\u00e1s asegurando que tu oferta se distinga en un mercado competitivo.<\/p>\t\t\t\t\t\t\t\t<\/div>\n\t\t\t\t<\/div>\n\t\t\t\t<div class=\"elementor-element elementor-element-4fdb9d1 elementor-align-left elementor-mobile-align-center elementor-widget elementor-widget-text_button\" data-id=\"4fdb9d1\" data-element_type=\"widget\" data-widget_type=\"text_button.default\">\n\t\t\t\t<div class=\"elementor-widget-container\">\n\t\t\t\t\t<div class=\"etheme-button-wrapper\"><a href=\"#\" class=\"fill-bottom has-fill etheme-text-button elementor-button\" role=\"button\">\r\n        <span class=\"elementor-button-content-wrapper\">\r\n                        <span class=\"elementor-button-icon animation-background_ltr\">\r\n                <i aria-hidden=\"true\" class=\"et-icon et-grid-2-columns\"><\/i>            <\/span>\r\n        \r\n\t\t\t<span class=\"elementor-button-text\">\u00a1Conocer categoria!<\/span>\r\n\r\n            \r\n            \r\n        <\/span><\/a><\/div>\t\t\t\t<\/div>\n\t\t\t\t<\/div>\n\t\t\t\t\t<\/div>\n\t\t<\/div>\n\t\t\t\t<div class=\"elementor-column elementor-col-50 elementor-top-column elementor-element elementor-element-79a8bab\" data-id=\"79a8bab\" data-element_type=\"column\">\n\t\t\t<div class=\"elementor-widget-wrap elementor-element-populated\">\n\t\t\t\t\t\t<div class=\"elementor-element elementor-element-35f4b15 etheme-elementor-widget-loaded elementor-widget elementor-widget-image\" data-id=\"35f4b15\" data-element_type=\"widget\" data-widget_type=\"image.default\">\n\t\t\t\t<div class=\"elementor-widget-container\">\n\t\t\t\t\t\t\t\t\t\t\t\t\t\t\t<img loading=\"lazy\" loading=\"lazy\" decoding=\"async\" width=\"1600\" height=\"1200\" src=\"https:\/\/molinos.jeanlogistics.com\/wp-content\/uploads\/2025\/02\/RETAIL.jpg\" class=\"attachment-full size-full wp-image-5760\" alt=\"\" srcset=\"https:\/\/molinos.jeanlogistics.com\/wp-content\/uploads\/2025\/02\/RETAIL.jpg 1600w, https:\/\/molinos.jeanlogistics.com\/wp-content\/uploads\/2025\/02\/RETAIL-300x225.jpg 300w, https:\/\/molinos.jeanlogistics.com\/wp-content\/uploads\/2025\/02\/RETAIL-1024x768.jpg 1024w, https:\/\/molinos.jeanlogistics.com\/wp-content\/uploads\/2025\/02\/RETAIL-768x576.jpg 768w, https:\/\/molinos.jeanlogistics.com\/wp-content\/uploads\/2025\/02\/RETAIL-1536x1152.jpg 1536w, https:\/\/molinos.jeanlogistics.com\/wp-content\/uploads\/2025\/02\/RETAIL-200x150.jpg 200w, https:\/\/molinos.jeanlogistics.com\/wp-content\/uploads\/2025\/02\/RETAIL-600x450.jpg 600w, https:\/\/molinos.jeanlogistics.com\/wp-content\/uploads\/2025\/02\/RETAIL-10x8.jpg 10w\" sizes=\"(max-width: 1600px) 100vw, 1600px\" \/>\t\t\t\t\t\t\t\t\t\t\t\t\t\t\t<\/div>\n\t\t\t\t<\/div>\n\t\t\t\t\t<\/div>\n\t\t<\/div>\n\t\t\t\t\t<\/div>\n\t\t<\/section>\n\t\t\t\t<section class=\"elementor-section elementor-top-section elementor-element elementor-element-c8fc7d2 elementor-section-boxed elementor-section-height-default elementor-section-height-default elementor-invisible\" data-id=\"c8fc7d2\" data-element_type=\"section\" data-settings=\"{&quot;animation&quot;:&quot;fadeInUp&quot;}\">\n\t\t\t\t\t\t<div class=\"elementor-container elementor-column-gap-no\">\n\t\t\t\t\t<div class=\"elementor-column elementor-col-50 elementor-top-column elementor-element elementor-element-6b6206a\" data-id=\"6b6206a\" data-element_type=\"column\" data-settings=\"{&quot;background_background&quot;:&quot;classic&quot;}\">\n\t\t\t<div class=\"elementor-widget-wrap elementor-element-populated\">\n\t\t\t\t\t\t<section class=\"elementor-section elementor-inner-section elementor-element elementor-element-38f2874 elementor-section-boxed elementor-section-height-default elementor-section-height-default\" data-id=\"38f2874\" data-element_type=\"section\">\n\t\t\t\t\t\t<div class=\"elementor-container elementor-column-gap-default\">\n\t\t\t\t\t<div class=\"elementor-column elementor-col-50 elementor-inner-column elementor-element elementor-element-f70d9a7 elementor-hidden-tablet elementor-hidden-phone\" data-id=\"f70d9a7\" data-element_type=\"column\">\n\t\t\t<div class=\"elementor-widget-wrap\">\n\t\t\t\t\t\t\t<\/div>\n\t\t<\/div>\n\t\t\t\t<div class=\"elementor-column elementor-col-50 elementor-inner-column elementor-element elementor-element-1c3640b\" data-id=\"1c3640b\" data-element_type=\"column\">\n\t\t\t<div class=\"elementor-widget-wrap elementor-element-populated\">\n\t\t\t\t\t\t<div class=\"elementor-element elementor-element-6a434e7 elementor-widget elementor-widget-heading\" data-id=\"6a434e7\" data-element_type=\"widget\" data-widget_type=\"heading.default\">\n\t\t\t\t<div class=\"elementor-widget-container\">\n\t\t\t\t\t<h2 class=\"elementor-heading-title elementor-size-default\">Productos Certificados<\/h2>\t\t\t\t<\/div>\n\t\t\t\t<\/div>\n\t\t\t\t<div class=\"elementor-element elementor-element-a9ddd98 elementor-widget elementor-widget-text-editor\" data-id=\"a9ddd98\" data-element_type=\"widget\" data-widget_type=\"text-editor.default\">\n\t\t\t\t<div class=\"elementor-widget-container\">\n\t\t\t\t\t\t\t\t\t<p>Garant\u00eda de calidad que genera confianza en tus clientes. Amplia variedad de harinas y productos adaptados a diferentes necesidades.<\/p>\t\t\t\t\t\t\t\t<\/div>\n\t\t\t\t<\/div>\n\t\t\t\t\t<\/div>\n\t\t<\/div>\n\t\t\t\t\t<\/div>\n\t\t<\/section>\n\t\t\t\t\t<\/div>\n\t\t<\/div>\n\t\t\t\t<div class=\"elementor-column elementor-col-50 elementor-top-column elementor-element elementor-element-8054610\" data-id=\"8054610\" data-element_type=\"column\" data-settings=\"{&quot;background_background&quot;:&quot;classic&quot;}\">\n\t\t\t<div class=\"elementor-widget-wrap elementor-element-populated\">\n\t\t\t\t\t\t<section class=\"elementor-section elementor-inner-section elementor-element elementor-element-181e46b elementor-section-boxed elementor-section-height-default elementor-section-height-default\" data-id=\"181e46b\" data-element_type=\"section\">\n\t\t\t\t\t\t<div class=\"elementor-container elementor-column-gap-default\">\n\t\t\t\t\t<div class=\"elementor-column elementor-col-50 elementor-inner-column elementor-element elementor-element-190f652 elementor-hidden-tablet elementor-hidden-phone\" data-id=\"190f652\" data-element_type=\"column\">\n\t\t\t<div class=\"elementor-widget-wrap\">\n\t\t\t\t\t\t\t<\/div>\n\t\t<\/div>\n\t\t\t\t<div class=\"elementor-column elementor-col-50 elementor-inner-column elementor-element elementor-element-e07b97c\" data-id=\"e07b97c\" data-element_type=\"column\">\n\t\t\t<div class=\"elementor-widget-wrap elementor-element-populated\">\n\t\t\t\t\t\t<div class=\"elementor-element elementor-element-6fcfbe4 elementor-widget elementor-widget-heading\" data-id=\"6fcfbe4\" data-element_type=\"widget\" data-widget_type=\"heading.default\">\n\t\t\t\t<div class=\"elementor-widget-container\">\n\t\t\t\t\t<h2 class=\"elementor-heading-title elementor-size-default\">Confianza del Consumidor<\/h2>\t\t\t\t<\/div>\n\t\t\t\t<\/div>\n\t\t\t\t<div class=\"elementor-element elementor-element-6cb717e elementor-widget elementor-widget-text-editor\" data-id=\"6cb717e\" data-element_type=\"widget\" data-widget_type=\"text-editor.default\">\n\t\t\t\t<div class=\"elementor-widget-container\">\n\t\t\t\t\t\t\t\t\t<p>\u00a0Nuestros productos generan lealtad y satisfacci\u00f3n en tus clientes. Asesor\u00eda para maximizar la visibilidad y venta de tus productos.<\/p>\t\t\t\t\t\t\t\t<\/div>\n\t\t\t\t<\/div>\n\t\t\t\t\t<\/div>\n\t\t<\/div>\n\t\t\t\t\t<\/div>\n\t\t<\/section>\n\t\t\t\t\t<\/div>\n\t\t<\/div>\n\t\t\t\t\t<\/div>\n\t\t<\/section>\n\t\t\t\t<section class=\"elementor-section elementor-top-section elementor-element elementor-element-c131ef6 elementor-section-content-middle elementor-section-boxed elementor-section-height-default elementor-section-height-default elementor-invisible\" data-id=\"c131ef6\" data-element_type=\"section\" data-settings=\"{&quot;animation&quot;:&quot;fadeInUp&quot;}\">\n\t\t\t\t\t\t<div class=\"elementor-container elementor-column-gap-no\">\n\t\t\t\t\t<div class=\"elementor-column elementor-col-50 elementor-top-column elementor-element elementor-element-977c44e\" data-id=\"977c44e\" data-element_type=\"column\">\n\t\t\t<div class=\"elementor-widget-wrap elementor-element-populated\">\n\t\t\t\t\t\t<div class=\"elementor-element elementor-element-06cd8ab etheme-elementor-widget-loaded elementor-widget elementor-widget-image\" data-id=\"06cd8ab\" data-element_type=\"widget\" data-widget_type=\"image.default\">\n\t\t\t\t<div class=\"elementor-widget-container\">\n\t\t\t\t\t\t\t\t\t\t\t\t\t\t\t<img loading=\"lazy\" loading=\"lazy\" decoding=\"async\" width=\"408\" height=\"445\" src=\"https:\/\/molinos.jeanlogistics.com\/wp-content\/uploads\/2025\/02\/anaquel-Noroeste-Hermosillo-1.png\" class=\"attachment-full size-full wp-image-5761\" alt=\"\" srcset=\"https:\/\/molinos.jeanlogistics.com\/wp-content\/uploads\/2025\/02\/anaquel-Noroeste-Hermosillo-1.png 408w, https:\/\/molinos.jeanlogistics.com\/wp-content\/uploads\/2025\/02\/anaquel-Noroeste-Hermosillo-1-275x300.png 275w, https:\/\/molinos.jeanlogistics.com\/wp-content\/uploads\/2025\/02\/anaquel-Noroeste-Hermosillo-1-200x218.png 200w, https:\/\/molinos.jeanlogistics.com\/wp-content\/uploads\/2025\/02\/anaquel-Noroeste-Hermosillo-1-10x10.png 10w\" sizes=\"(max-width: 408px) 100vw, 408px\" \/>\t\t\t\t\t\t\t\t\t\t\t\t\t\t\t<\/div>\n\t\t\t\t<\/div>\n\t\t\t\t\t<\/div>\n\t\t<\/div>\n\t\t\t\t<div class=\"elementor-column elementor-col-50 elementor-top-column elementor-element elementor-element-fdc6441\" data-id=\"fdc6441\" data-element_type=\"column\">\n\t\t\t<div class=\"elementor-widget-wrap elementor-element-populated\">\n\t\t\t\t\t\t<div class=\"elementor-element elementor-element-a20cef4 elementor-widget elementor-widget-heading\" data-id=\"a20cef4\" data-element_type=\"widget\" data-widget_type=\"heading.default\">\n\t\t\t\t<div class=\"elementor-widget-container\">\n\t\t\t\t\t<h2 class=\"elementor-heading-title elementor-size-default\">Suministro Constante y Presentaciones Atractivas<\/h2>\t\t\t\t<\/div>\n\t\t\t\t<\/div>\n\t\t\t\t<div class=\"elementor-element elementor-element-94da865 elementor-widget elementor-widget-text-editor\" data-id=\"94da865\" data-element_type=\"widget\" data-widget_type=\"text-editor.default\">\n\t\t\t\t<div class=\"elementor-widget-container\">\n\t\t\t\t\t\t\t\t\t<p>En Molinos GEMSO, nos comprometemos a ofrecerte un suministro constante de harinas de alta calidad, asegurando que nunca te falte lo que necesitas para satisfacer la demanda de tus clientes. Nuestras presentaciones atractivas est\u00e1n dise\u00f1adas para facilitar la venta directa, haciendo que tus productos sean m\u00e1s visibles y deseables en el anaquel. Con nosotros, tendr\u00e1s la confianza de ofrecer siempre lo mejor a tus clientes, lo que se traduce en una mayor satisfacci\u00f3n y lealtad.<\/p>\t\t\t\t\t\t\t\t<\/div>\n\t\t\t\t<\/div>\n\t\t\t\t<div class=\"elementor-element elementor-element-1146696 elementor-align-left elementor-mobile-align-center elementor-widget elementor-widget-text_button\" data-id=\"1146696\" data-element_type=\"widget\" data-widget_type=\"text_button.default\">\n\t\t\t\t<div class=\"elementor-widget-container\">\n\t\t\t\t\t<div class=\"etheme-button-wrapper\"><a href=\"https:\/\/molinos.jeanlogistics.com\/index.php\/contacto\/\" class=\"fill-bottom has-fill etheme-text-button elementor-button\" role=\"button\">\r\n        <span class=\"elementor-button-content-wrapper\">\r\n                        <span class=\"elementor-button-icon animation-background_ltr\">\r\n                <i aria-hidden=\"true\" class=\"et-icon et-phone-call\"><\/i>            <\/span>\r\n        \r\n\t\t\t<span class=\"elementor-button-text\">\u00a1Contactar asesor!<\/span>\r\n\r\n            \r\n            \r\n        <\/span><\/a><\/div>\t\t\t\t<\/div>\n\t\t\t\t<\/div>\n\t\t\t\t\t<\/div>\n\t\t<\/div>\n\t\t\t\t\t<\/div>\n\t\t<\/section>\n\t\t\t\t<\/div>\n\t\t","protected":false},"excerpt":{"rendered":"<p>Anaquel Calidad que destaca en tu anaquel Harinas que Captan la Atenci\u00f3n En Molinos GEMSO, entendemos la importancia de la presentaci\u00f3n y la calidad en&#8230;<\/p>\n","protected":false},"author":1,"featured_media":0,"parent":0,"menu_order":0,"comment_status":"closed","ping_status":"closed","template":"","meta":{"_joinchat":[],"footnotes":""},"class_list":["post-5744","page","type-page","status-publish","hentry"],"_links":{"self":[{"href":"https:\/\/molinos.jeanlogistics.com\/index.php\/wp-json\/wp\/v2\/pages\/5744"}],"collection":[{"href":"https:\/\/molinos.jeanlogistics.com\/index.php\/wp-json\/wp\/v2\/pages"}],"about":[{"href":"https:\/\/molinos.jeanlogistics.com\/index.php\/wp-json\/wp\/v2\/types\/page"}],"author":[{"embeddable":true,"href":"https:\/\/molinos.jeanlogistics.com\/index.php\/wp-json\/wp\/v2\/users\/1"}],"replies":[{"embeddable":true,"href":"https:\/\/molinos.jeanlogistics.com\/index.php\/wp-json\/wp\/v2\/comments?post=5744"}],"version-history":[{"count":22,"href":"https:\/\/molinos.jeanlogistics.com\/index.php\/wp-json\/wp\/v2\/pages\/5744\/revisions"}],"predecessor-version":[{"id":6471,"href":"https:\/\/molinos.jeanlogistics.com\/index.php\/wp-json\/wp\/v2\/pages\/5744\/revisions\/6471"}],"wp:attachment":[{"href":"https:\/\/molinos.jeanlogistics.com\/index.php\/wp-json\/wp\/v2\/media?parent=5744"}],"curies":[{"name":"wp","href":"https:\/\/api.w.org\/{rel}","templated":true}]}}