{"id":5774,"date":"2025-02-05T16:31:09","date_gmt":"2025-02-05T16:31:09","guid":{"rendered":"http:\/\/localhost\/gemso\/?page_id=5774"},"modified":"2025-05-09T15:40:55","modified_gmt":"2025-05-09T15:40:55","slug":"panaderia","status":"publish","type":"page","link":"https:\/\/molinos.jeanlogistics.com\/index.php\/panaderia\/","title":{"rendered":"Panader\u00eda"},"content":{"rendered":"\t\t<div data-elementor-type=\"wp-page\" data-elementor-id=\"5774\" class=\"elementor elementor-5774\" data-elementor-post-type=\"page\">\n\t\t\t\t<div class=\"elementor-element elementor-element-bc7dccd e-flex e-con-boxed e-con e-parent\" data-id=\"bc7dccd\" data-element_type=\"container\" data-settings=\"{&quot;background_background&quot;:&quot;classic&quot;}\">\n\t\t\t\t\t<div class=\"e-con-inner\">\n\t\t<div class=\"elementor-element elementor-element-750666f e-con-full e-flex e-con e-child\" data-id=\"750666f\" data-element_type=\"container\">\n\t\t\t\t<div class=\"elementor-element elementor-element-36a1348 elementor-widget elementor-widget-heading\" data-id=\"36a1348\" data-element_type=\"widget\" data-widget_type=\"heading.default\">\n\t\t\t\t<div class=\"elementor-widget-container\">\n\t\t\t\t\t<h2 class=\"elementor-heading-title elementor-size-default\">Panader\u00eda<\/h2>\t\t\t\t<\/div>\n\t\t\t\t<\/div>\n\t\t\t\t<div class=\"elementor-element elementor-element-49d7b60 elementor-widget elementor-widget-heading\" data-id=\"49d7b60\" data-element_type=\"widget\" data-widget_type=\"heading.default\">\n\t\t\t\t<div class=\"elementor-widget-container\">\n\t\t\t\t\t<h2 class=\"elementor-heading-title elementor-size-default\">Harinas que elevan tus creaciones<\/h2>\t\t\t\t<\/div>\n\t\t\t\t<\/div>\n\t\t\t\t<\/div>\n\t\t\t\t\t<\/div>\n\t\t\t\t<\/div>\n\t\t\t\t<section class=\"elementor-section elementor-top-section elementor-element elementor-element-0f4e350 elementor-section-content-middle elementor-section-boxed elementor-section-height-default elementor-section-height-default elementor-invisible\" data-id=\"0f4e350\" data-element_type=\"section\" data-settings=\"{&quot;animation&quot;:&quot;fadeInUp&quot;}\">\n\t\t\t\t\t\t<div class=\"elementor-container elementor-column-gap-no\">\n\t\t\t\t\t<div class=\"elementor-column elementor-col-50 elementor-top-column elementor-element elementor-element-7d98043\" data-id=\"7d98043\" data-element_type=\"column\">\n\t\t\t<div class=\"elementor-widget-wrap elementor-element-populated\">\n\t\t\t\t\t\t<div class=\"elementor-element elementor-element-f18934c elementor-widget elementor-widget-heading\" data-id=\"f18934c\" data-element_type=\"widget\" data-widget_type=\"heading.default\">\n\t\t\t\t<div class=\"elementor-widget-container\">\n\t\t\t\t\t<h2 class=\"elementor-heading-title elementor-size-default\">Harinas de Calidad para Panaderos Exigentes<\/h2>\t\t\t\t<\/div>\n\t\t\t\t<\/div>\n\t\t\t\t<div class=\"elementor-element elementor-element-59b043b elementor-widget elementor-widget-text-editor\" data-id=\"59b043b\" data-element_type=\"widget\" data-widget_type=\"text-editor.default\">\n\t\t\t\t<div class=\"elementor-widget-container\">\n\t\t\t\t\t\t\t\t\t<p>En Molinos GEMSO, entendemos que cada pan tiene su propia historia y que la calidad de los ingredientes es fundamental para contarla. Nuestras harinas est\u00e1n formuladas espec\u00edficamente para ayudarte a crear panes con textura, sabor y consistencia inigualables. Con un enfoque en la calidad y el rendimiento, te proporcionamos los ingredientes esenciales que te permitir\u00e1n deleitar a tus clientes en cada bocado. Al elegir nuestras harinas, est\u00e1s asegurando que cada producto que salga de tu panader\u00eda sea una obra maestra.<\/p>\t\t\t\t\t\t\t\t<\/div>\n\t\t\t\t<\/div>\n\t\t\t\t<div class=\"elementor-element elementor-element-4aca0f5 elementor-align-left elementor-mobile-align-center elementor-widget elementor-widget-text_button\" data-id=\"4aca0f5\" data-element_type=\"widget\" data-widget_type=\"text_button.default\">\n\t\t\t\t<div class=\"elementor-widget-container\">\n\t\t\t\t\t<div class=\"etheme-button-wrapper\"><a href=\"#\" class=\"fill-bottom has-fill etheme-text-button elementor-button\" role=\"button\">\r\n        <span class=\"elementor-button-content-wrapper\">\r\n                        <span class=\"elementor-button-icon animation-background_ltr\">\r\n                <i aria-hidden=\"true\" class=\"et-icon et-grid-2-columns\"><\/i>            <\/span>\r\n        \r\n\t\t\t<span class=\"elementor-button-text\">\u00a1Conocer categoria!<\/span>\r\n\r\n            \r\n            \r\n        <\/span><\/a><\/div>\t\t\t\t<\/div>\n\t\t\t\t<\/div>\n\t\t\t\t\t<\/div>\n\t\t<\/div>\n\t\t\t\t<div class=\"elementor-column elementor-col-50 elementor-top-column elementor-element elementor-element-4a83ea3\" data-id=\"4a83ea3\" data-element_type=\"column\">\n\t\t\t<div class=\"elementor-widget-wrap elementor-element-populated\">\n\t\t\t\t\t\t<div class=\"elementor-element elementor-element-aa8cd94 etheme-elementor-widget-loaded elementor-widget elementor-widget-image\" data-id=\"aa8cd94\" data-element_type=\"widget\" data-widget_type=\"image.default\">\n\t\t\t\t<div class=\"elementor-widget-container\">\n\t\t\t\t\t\t\t\t\t\t\t\t\t\t\t<img loading=\"lazy\" loading=\"lazy\" decoding=\"async\" width=\"1280\" height=\"853\" src=\"https:\/\/molinos.jeanlogistics.com\/wp-content\/uploads\/2025\/02\/pexels-nic-scrollstoppingphotos-28354522.jpg\" class=\"attachment-full size-full wp-image-5777\" alt=\"\" srcset=\"https:\/\/molinos.jeanlogistics.com\/wp-content\/uploads\/2025\/02\/pexels-nic-scrollstoppingphotos-28354522.jpg 1280w, https:\/\/molinos.jeanlogistics.com\/wp-content\/uploads\/2025\/02\/pexels-nic-scrollstoppingphotos-28354522-300x200.jpg 300w, https:\/\/molinos.jeanlogistics.com\/wp-content\/uploads\/2025\/02\/pexels-nic-scrollstoppingphotos-28354522-1024x682.jpg 1024w, https:\/\/molinos.jeanlogistics.com\/wp-content\/uploads\/2025\/02\/pexels-nic-scrollstoppingphotos-28354522-768x512.jpg 768w, https:\/\/molinos.jeanlogistics.com\/wp-content\/uploads\/2025\/02\/pexels-nic-scrollstoppingphotos-28354522-200x133.jpg 200w, https:\/\/molinos.jeanlogistics.com\/wp-content\/uploads\/2025\/02\/pexels-nic-scrollstoppingphotos-28354522-600x400.jpg 600w, https:\/\/molinos.jeanlogistics.com\/wp-content\/uploads\/2025\/02\/pexels-nic-scrollstoppingphotos-28354522-10x7.jpg 10w\" sizes=\"(max-width: 1280px) 100vw, 1280px\" \/>\t\t\t\t\t\t\t\t\t\t\t\t\t\t\t<\/div>\n\t\t\t\t<\/div>\n\t\t\t\t\t<\/div>\n\t\t<\/div>\n\t\t\t\t\t<\/div>\n\t\t<\/section>\n\t\t\t\t<section class=\"elementor-section elementor-top-section elementor-element elementor-element-4d52f4e elementor-section-boxed elementor-section-height-default elementor-section-height-default elementor-invisible\" data-id=\"4d52f4e\" data-element_type=\"section\" data-settings=\"{&quot;animation&quot;:&quot;fadeInUp&quot;}\">\n\t\t\t\t\t\t<div class=\"elementor-container elementor-column-gap-no\">\n\t\t\t\t\t<div class=\"elementor-column elementor-col-50 elementor-top-column elementor-element elementor-element-4360a26\" data-id=\"4360a26\" data-element_type=\"column\" data-settings=\"{&quot;background_background&quot;:&quot;classic&quot;}\">\n\t\t\t<div class=\"elementor-widget-wrap elementor-element-populated\">\n\t\t\t\t\t\t<section class=\"elementor-section elementor-inner-section elementor-element elementor-element-84b99a8 elementor-section-boxed elementor-section-height-default elementor-section-height-default\" data-id=\"84b99a8\" data-element_type=\"section\">\n\t\t\t\t\t\t<div class=\"elementor-container elementor-column-gap-default\">\n\t\t\t\t\t<div class=\"elementor-column elementor-col-50 elementor-inner-column elementor-element elementor-element-12e6453 elementor-hidden-tablet elementor-hidden-phone\" data-id=\"12e6453\" data-element_type=\"column\">\n\t\t\t<div class=\"elementor-widget-wrap\">\n\t\t\t\t\t\t\t<\/div>\n\t\t<\/div>\n\t\t\t\t<div class=\"elementor-column elementor-col-50 elementor-inner-column elementor-element elementor-element-4e21e2f\" data-id=\"4e21e2f\" data-element_type=\"column\">\n\t\t\t<div class=\"elementor-widget-wrap elementor-element-populated\">\n\t\t\t\t\t\t<div class=\"elementor-element elementor-element-dffecba elementor-widget elementor-widget-heading\" data-id=\"dffecba\" data-element_type=\"widget\" data-widget_type=\"heading.default\">\n\t\t\t\t<div class=\"elementor-widget-container\">\n\t\t\t\t\t<h2 class=\"elementor-heading-title elementor-size-default\">Textura y Sabor Inigualables<\/h2>\t\t\t\t<\/div>\n\t\t\t\t<\/div>\n\t\t\t\t<div class=\"elementor-element elementor-element-16a2128 elementor-widget elementor-widget-text-editor\" data-id=\"16a2128\" data-element_type=\"widget\" data-widget_type=\"text-editor.default\">\n\t\t\t\t<div class=\"elementor-widget-container\">\n\t\t\t\t\t\t\t\t\t<p>Nuestras harinas est\u00e1n dise\u00f1adas para realzar el sabor y la textura de tus panes. Garantizamos resultados consistentes en cada lote de producci\u00f3n.<\/p>\t\t\t\t\t\t\t\t<\/div>\n\t\t\t\t<\/div>\n\t\t\t\t\t<\/div>\n\t\t<\/div>\n\t\t\t\t\t<\/div>\n\t\t<\/section>\n\t\t\t\t\t<\/div>\n\t\t<\/div>\n\t\t\t\t<div class=\"elementor-column elementor-col-50 elementor-top-column elementor-element elementor-element-3ae1b62\" data-id=\"3ae1b62\" data-element_type=\"column\" data-settings=\"{&quot;background_background&quot;:&quot;classic&quot;}\">\n\t\t\t<div class=\"elementor-widget-wrap elementor-element-populated\">\n\t\t\t\t\t\t<section class=\"elementor-section elementor-inner-section elementor-element elementor-element-6e56471 elementor-section-boxed elementor-section-height-default elementor-section-height-default\" data-id=\"6e56471\" data-element_type=\"section\">\n\t\t\t\t\t\t<div class=\"elementor-container elementor-column-gap-default\">\n\t\t\t\t\t<div class=\"elementor-column elementor-col-50 elementor-inner-column elementor-element elementor-element-444c8a3 elementor-hidden-tablet elementor-hidden-phone\" data-id=\"444c8a3\" data-element_type=\"column\">\n\t\t\t<div class=\"elementor-widget-wrap\">\n\t\t\t\t\t\t\t<\/div>\n\t\t<\/div>\n\t\t\t\t<div class=\"elementor-column elementor-col-50 elementor-inner-column elementor-element elementor-element-4193e66\" data-id=\"4193e66\" data-element_type=\"column\">\n\t\t\t<div class=\"elementor-widget-wrap elementor-element-populated\">\n\t\t\t\t\t\t<div class=\"elementor-element elementor-element-d8e5498 elementor-widget elementor-widget-heading\" data-id=\"d8e5498\" data-element_type=\"widget\" data-widget_type=\"heading.default\">\n\t\t\t\t<div class=\"elementor-widget-container\">\n\t\t\t\t\t<h2 class=\"elementor-heading-title elementor-size-default\">Variedad de Productos<\/h2>\t\t\t\t<\/div>\n\t\t\t\t<\/div>\n\t\t\t\t<div class=\"elementor-element elementor-element-5b7f771 elementor-widget elementor-widget-text-editor\" data-id=\"5b7f771\" data-element_type=\"widget\" data-widget_type=\"text-editor.default\">\n\t\t\t\t<div class=\"elementor-widget-container\">\n\t\t\t\t\t\t\t\t\t<p>Ofrecemos una amplia gama de harinas adaptadas a diferentes tipos de pan.<\/p>\t\t\t\t\t\t\t\t<\/div>\n\t\t\t\t<\/div>\n\t\t\t\t\t<\/div>\n\t\t<\/div>\n\t\t\t\t\t<\/div>\n\t\t<\/section>\n\t\t\t\t\t<\/div>\n\t\t<\/div>\n\t\t\t\t\t<\/div>\n\t\t<\/section>\n\t\t\t\t<section class=\"elementor-section elementor-top-section elementor-element elementor-element-d9435c4 elementor-section-content-middle elementor-section-boxed elementor-section-height-default elementor-section-height-default elementor-invisible\" data-id=\"d9435c4\" data-element_type=\"section\" data-settings=\"{&quot;animation&quot;:&quot;fadeInUp&quot;}\">\n\t\t\t\t\t\t<div class=\"elementor-container elementor-column-gap-no\">\n\t\t\t\t\t<div class=\"elementor-column elementor-col-50 elementor-top-column elementor-element elementor-element-ae22021\" data-id=\"ae22021\" data-element_type=\"column\">\n\t\t\t<div class=\"elementor-widget-wrap elementor-element-populated\">\n\t\t\t\t\t\t<div class=\"elementor-element elementor-element-33ec4a1 etheme-elementor-widget-loaded elementor-widget elementor-widget-image\" data-id=\"33ec4a1\" data-element_type=\"widget\" data-widget_type=\"image.default\">\n\t\t\t\t<div class=\"elementor-widget-container\">\n\t\t\t\t\t\t\t\t\t\t\t\t\t\t\t<img loading=\"lazy\" loading=\"lazy\" decoding=\"async\" width=\"2560\" height=\"1709\" src=\"https:\/\/molinos.jeanlogistics.com\/wp-content\/uploads\/2025\/02\/baker-kneading-dough-in-a-bakery-2024-10-17-02-22-14-utc-1-scaled.jpg\" class=\"attachment-full size-full wp-image-5776\" alt=\"\" srcset=\"https:\/\/molinos.jeanlogistics.com\/wp-content\/uploads\/2025\/02\/baker-kneading-dough-in-a-bakery-2024-10-17-02-22-14-utc-1-scaled.jpg 2560w, https:\/\/molinos.jeanlogistics.com\/wp-content\/uploads\/2025\/02\/baker-kneading-dough-in-a-bakery-2024-10-17-02-22-14-utc-1-300x200.jpg 300w, https:\/\/molinos.jeanlogistics.com\/wp-content\/uploads\/2025\/02\/baker-kneading-dough-in-a-bakery-2024-10-17-02-22-14-utc-1-1024x684.jpg 1024w, https:\/\/molinos.jeanlogistics.com\/wp-content\/uploads\/2025\/02\/baker-kneading-dough-in-a-bakery-2024-10-17-02-22-14-utc-1-768x513.jpg 768w, https:\/\/molinos.jeanlogistics.com\/wp-content\/uploads\/2025\/02\/baker-kneading-dough-in-a-bakery-2024-10-17-02-22-14-utc-1-1536x1025.jpg 1536w, https:\/\/molinos.jeanlogistics.com\/wp-content\/uploads\/2025\/02\/baker-kneading-dough-in-a-bakery-2024-10-17-02-22-14-utc-1-2048x1367.jpg 2048w, https:\/\/molinos.jeanlogistics.com\/wp-content\/uploads\/2025\/02\/baker-kneading-dough-in-a-bakery-2024-10-17-02-22-14-utc-1-200x134.jpg 200w, https:\/\/molinos.jeanlogistics.com\/wp-content\/uploads\/2025\/02\/baker-kneading-dough-in-a-bakery-2024-10-17-02-22-14-utc-1-600x401.jpg 600w, https:\/\/molinos.jeanlogistics.com\/wp-content\/uploads\/2025\/02\/baker-kneading-dough-in-a-bakery-2024-10-17-02-22-14-utc-1-10x7.jpg 10w\" sizes=\"(max-width: 2560px) 100vw, 2560px\" \/>\t\t\t\t\t\t\t\t\t\t\t\t\t\t\t<\/div>\n\t\t\t\t<\/div>\n\t\t\t\t\t<\/div>\n\t\t<\/div>\n\t\t\t\t<div class=\"elementor-column elementor-col-50 elementor-top-column elementor-element elementor-element-d2d1253\" data-id=\"d2d1253\" data-element_type=\"column\">\n\t\t\t<div class=\"elementor-widget-wrap elementor-element-populated\">\n\t\t\t\t\t\t<div class=\"elementor-element elementor-element-ac14870 elementor-widget elementor-widget-heading\" data-id=\"ac14870\" data-element_type=\"widget\" data-widget_type=\"heading.default\">\n\t\t\t\t<div class=\"elementor-widget-container\">\n\t\t\t\t\t<h2 class=\"elementor-heading-title elementor-size-default\">Resultados Consistentes para un \u00c9xito Sostenido<\/h2>\t\t\t\t<\/div>\n\t\t\t\t<\/div>\n\t\t\t\t<div class=\"elementor-element elementor-element-b543a07 elementor-widget elementor-widget-text-editor\" data-id=\"b543a07\" data-element_type=\"widget\" data-widget_type=\"text-editor.default\">\n\t\t\t\t<div class=\"elementor-widget-container\">\n\t\t\t\t\t\t\t\t\t<p>Con nuestras harinas, puedes confiar en que cada etapa de tu proceso de panificaci\u00f3n ser\u00e1 un \u00e9xito. Desde el primer amasado hasta el \u00faltimo pan en la bandeja, garantizamos resultados consistentes que har\u00e1n que tu panader\u00eda destaque en el mercado. Nuestro compromiso es ser tu aliado en la creaci\u00f3n de productos que no solo satisfacen, sino que enamoran a tus clientes. Juntos, podemos elevar la calidad de tus creaciones y fortalecer la reputaci\u00f3n de tu panader\u00eda.<\/p>\t\t\t\t\t\t\t\t<\/div>\n\t\t\t\t<\/div>\n\t\t\t\t<div class=\"elementor-element elementor-element-bad3912 elementor-align-left elementor-mobile-align-center elementor-widget elementor-widget-text_button\" data-id=\"bad3912\" data-element_type=\"widget\" data-widget_type=\"text_button.default\">\n\t\t\t\t<div class=\"elementor-widget-container\">\n\t\t\t\t\t<div class=\"etheme-button-wrapper\"><a href=\"https:\/\/molinos.jeanlogistics.com\/index.php\/contacto\/\" class=\"fill-bottom has-fill etheme-text-button elementor-button\" role=\"button\">\r\n        <span class=\"elementor-button-content-wrapper\">\r\n                        <span class=\"elementor-button-icon animation-background_ltr\">\r\n                <i aria-hidden=\"true\" class=\"et-icon et-phone-call\"><\/i>            <\/span>\r\n        \r\n\t\t\t<span class=\"elementor-button-text\">\u00a1Contactar asesor!<\/span>\r\n\r\n            \r\n            \r\n        <\/span><\/a><\/div>\t\t\t\t<\/div>\n\t\t\t\t<\/div>\n\t\t\t\t\t<\/div>\n\t\t<\/div>\n\t\t\t\t\t<\/div>\n\t\t<\/section>\n\t\t\t\t<\/div>\n\t\t","protected":false},"excerpt":{"rendered":"<p>Panader\u00eda Harinas que elevan tus creaciones Harinas de Calidad para Panaderos Exigentes En Molinos GEMSO, entendemos que cada pan tiene su propia historia y que&#8230;<\/p>\n","protected":false},"author":1,"featured_media":0,"parent":0,"menu_order":0,"comment_status":"closed","ping_status":"closed","template":"","meta":{"_joinchat":[],"footnotes":""},"class_list":["post-5774","page","type-page","status-publish","hentry"],"_links":{"self":[{"href":"https:\/\/molinos.jeanlogistics.com\/index.php\/wp-json\/wp\/v2\/pages\/5774"}],"collection":[{"href":"https:\/\/molinos.jeanlogistics.com\/index.php\/wp-json\/wp\/v2\/pages"}],"about":[{"href":"https:\/\/molinos.jeanlogistics.com\/index.php\/wp-json\/wp\/v2\/types\/page"}],"author":[{"embeddable":true,"href":"https:\/\/molinos.jeanlogistics.com\/index.php\/wp-json\/wp\/v2\/users\/1"}],"replies":[{"embeddable":true,"href":"https:\/\/molinos.jeanlogistics.com\/index.php\/wp-json\/wp\/v2\/comments?post=5774"}],"version-history":[{"count":16,"href":"https:\/\/molinos.jeanlogistics.com\/index.php\/wp-json\/wp\/v2\/pages\/5774\/revisions"}],"predecessor-version":[{"id":6474,"href":"https:\/\/molinos.jeanlogistics.com\/index.php\/wp-json\/wp\/v2\/pages\/5774\/revisions\/6474"}],"wp:attachment":[{"href":"https:\/\/molinos.jeanlogistics.com\/index.php\/wp-json\/wp\/v2\/media?parent=5774"}],"curies":[{"name":"wp","href":"https:\/\/api.w.org\/{rel}","templated":true}]}}