{"id":5805,"date":"2025-02-07T14:40:55","date_gmt":"2025-02-07T14:40:55","guid":{"rendered":"http:\/\/localhost\/gemso\/?page_id=5805"},"modified":"2025-05-09T15:41:19","modified_gmt":"2025-05-09T15:41:19","slug":"pasteleria","status":"publish","type":"page","link":"https:\/\/molinos.jeanlogistics.com\/index.php\/pasteleria\/","title":{"rendered":"Pasteler\u00eda"},"content":{"rendered":"\t\t<div data-elementor-type=\"wp-page\" data-elementor-id=\"5805\" class=\"elementor elementor-5805\" data-elementor-post-type=\"page\">\n\t\t\t\t<div class=\"elementor-element elementor-element-f637c38 e-flex e-con-boxed e-con e-parent\" data-id=\"f637c38\" data-element_type=\"container\" data-settings=\"{&quot;background_background&quot;:&quot;classic&quot;}\">\n\t\t\t\t\t<div class=\"e-con-inner\">\n\t\t<div class=\"elementor-element elementor-element-0a1bbfd e-con-full e-flex e-con e-child\" data-id=\"0a1bbfd\" data-element_type=\"container\">\n\t\t\t\t<div class=\"elementor-element elementor-element-586fe88 elementor-widget elementor-widget-heading\" data-id=\"586fe88\" data-element_type=\"widget\" data-widget_type=\"heading.default\">\n\t\t\t\t<div class=\"elementor-widget-container\">\n\t\t\t\t\t<h2 class=\"elementor-heading-title elementor-size-default\">Pasteler\u00eda<\/h2>\t\t\t\t<\/div>\n\t\t\t\t<\/div>\n\t\t\t\t<div class=\"elementor-element elementor-element-fd36665 elementor-widget elementor-widget-heading\" data-id=\"fd36665\" data-element_type=\"widget\" data-widget_type=\"heading.default\">\n\t\t\t\t<div class=\"elementor-widget-container\">\n\t\t\t\t\t<h2 class=\"elementor-heading-title elementor-size-default\">Harina que da vida a tus dulces creaciones<\/h2>\t\t\t\t<\/div>\n\t\t\t\t<\/div>\n\t\t\t\t<\/div>\n\t\t\t\t\t<\/div>\n\t\t\t\t<\/div>\n\t\t\t\t<section class=\"elementor-section elementor-top-section elementor-element elementor-element-1e70c6e elementor-section-content-middle elementor-section-boxed elementor-section-height-default elementor-section-height-default elementor-invisible\" data-id=\"1e70c6e\" data-element_type=\"section\" data-settings=\"{&quot;animation&quot;:&quot;fadeInUp&quot;}\">\n\t\t\t\t\t\t<div class=\"elementor-container elementor-column-gap-no\">\n\t\t\t\t\t<div class=\"elementor-column elementor-col-50 elementor-top-column elementor-element elementor-element-eee7661\" data-id=\"eee7661\" data-element_type=\"column\">\n\t\t\t<div class=\"elementor-widget-wrap elementor-element-populated\">\n\t\t\t\t\t\t<div class=\"elementor-element elementor-element-20b66b0 elementor-widget elementor-widget-heading\" data-id=\"20b66b0\" data-element_type=\"widget\" data-widget_type=\"heading.default\">\n\t\t\t\t<div class=\"elementor-widget-container\">\n\t\t\t\t\t<h2 class=\"elementor-heading-title elementor-size-default\">Harinas de Calidad para la Reposter\u00eda<\/h2>\t\t\t\t<\/div>\n\t\t\t\t<\/div>\n\t\t\t\t<div class=\"elementor-element elementor-element-2ad71f4 elementor-widget elementor-widget-text-editor\" data-id=\"2ad71f4\" data-element_type=\"widget\" data-widget_type=\"text-editor.default\">\n\t\t\t\t<div class=\"elementor-widget-container\">\n\t\t\t\t\t\t\t\t\t<p>En Molinos GEMSO, entendemos que la reposter\u00eda es un arte que requiere los mejores ingredientes. Nuestras harinas est\u00e1n dise\u00f1adas espec\u00edficamente para proporcionar la textura y esponjosidad que tus creaciones merecen. Desde pasteles esponjosos hasta galletas crujientes, ofrecemos la calidad y consistencia que necesitas para sorprender a tus clientes con cada pieza. Al elegir nuestras harinas, est\u00e1s asegurando que cada bocado sea una experiencia memorable que deleitar\u00e1 a todos los paladares.<\/p>\t\t\t\t\t\t\t\t<\/div>\n\t\t\t\t<\/div>\n\t\t\t\t<div class=\"elementor-element elementor-element-2a567db elementor-align-left elementor-mobile-align-center elementor-widget elementor-widget-text_button\" data-id=\"2a567db\" data-element_type=\"widget\" data-widget_type=\"text_button.default\">\n\t\t\t\t<div class=\"elementor-widget-container\">\n\t\t\t\t\t<div class=\"etheme-button-wrapper\"><a href=\"#\" class=\"fill-bottom has-fill etheme-text-button elementor-button\" role=\"button\">\r\n        <span class=\"elementor-button-content-wrapper\">\r\n                        <span class=\"elementor-button-icon animation-background_ltr\">\r\n                <i aria-hidden=\"true\" class=\"et-icon et-grid-2-columns\"><\/i>            <\/span>\r\n        \r\n\t\t\t<span class=\"elementor-button-text\">\u00a1Conocer categoria!<\/span>\r\n\r\n            \r\n            \r\n        <\/span><\/a><\/div>\t\t\t\t<\/div>\n\t\t\t\t<\/div>\n\t\t\t\t\t<\/div>\n\t\t<\/div>\n\t\t\t\t<div class=\"elementor-column elementor-col-50 elementor-top-column elementor-element elementor-element-90973e5\" data-id=\"90973e5\" data-element_type=\"column\">\n\t\t\t<div class=\"elementor-widget-wrap elementor-element-populated\">\n\t\t\t\t\t\t<div class=\"elementor-element elementor-element-7cd764d etheme-elementor-widget-loaded elementor-widget elementor-widget-image\" data-id=\"7cd764d\" data-element_type=\"widget\" data-widget_type=\"image.default\">\n\t\t\t\t<div class=\"elementor-widget-container\">\n\t\t\t\t\t\t\t\t\t\t\t\t\t\t\t<img loading=\"lazy\" loading=\"lazy\" decoding=\"async\" width=\"2560\" height=\"1707\" src=\"https:\/\/molinos.jeanlogistics.com\/wp-content\/uploads\/2025\/02\/pastry-chef-squeezes-chocolate-cream-on-cupcakes-2024-10-11-14-54-48-utc-scaled.jpg\" class=\"attachment-full size-full wp-image-5809\" alt=\"\" srcset=\"https:\/\/molinos.jeanlogistics.com\/wp-content\/uploads\/2025\/02\/pastry-chef-squeezes-chocolate-cream-on-cupcakes-2024-10-11-14-54-48-utc-scaled.jpg 2560w, https:\/\/molinos.jeanlogistics.com\/wp-content\/uploads\/2025\/02\/pastry-chef-squeezes-chocolate-cream-on-cupcakes-2024-10-11-14-54-48-utc-300x200.jpg 300w, https:\/\/molinos.jeanlogistics.com\/wp-content\/uploads\/2025\/02\/pastry-chef-squeezes-chocolate-cream-on-cupcakes-2024-10-11-14-54-48-utc-1024x683.jpg 1024w, https:\/\/molinos.jeanlogistics.com\/wp-content\/uploads\/2025\/02\/pastry-chef-squeezes-chocolate-cream-on-cupcakes-2024-10-11-14-54-48-utc-768x512.jpg 768w, https:\/\/molinos.jeanlogistics.com\/wp-content\/uploads\/2025\/02\/pastry-chef-squeezes-chocolate-cream-on-cupcakes-2024-10-11-14-54-48-utc-1536x1024.jpg 1536w, https:\/\/molinos.jeanlogistics.com\/wp-content\/uploads\/2025\/02\/pastry-chef-squeezes-chocolate-cream-on-cupcakes-2024-10-11-14-54-48-utc-2048x1365.jpg 2048w, https:\/\/molinos.jeanlogistics.com\/wp-content\/uploads\/2025\/02\/pastry-chef-squeezes-chocolate-cream-on-cupcakes-2024-10-11-14-54-48-utc-200x133.jpg 200w, https:\/\/molinos.jeanlogistics.com\/wp-content\/uploads\/2025\/02\/pastry-chef-squeezes-chocolate-cream-on-cupcakes-2024-10-11-14-54-48-utc-600x400.jpg 600w, https:\/\/molinos.jeanlogistics.com\/wp-content\/uploads\/2025\/02\/pastry-chef-squeezes-chocolate-cream-on-cupcakes-2024-10-11-14-54-48-utc-10x7.jpg 10w\" sizes=\"(max-width: 2560px) 100vw, 2560px\" \/>\t\t\t\t\t\t\t\t\t\t\t\t\t\t\t<\/div>\n\t\t\t\t<\/div>\n\t\t\t\t\t<\/div>\n\t\t<\/div>\n\t\t\t\t\t<\/div>\n\t\t<\/section>\n\t\t\t\t<section class=\"elementor-section elementor-top-section elementor-element elementor-element-cdf819e elementor-section-boxed elementor-section-height-default elementor-section-height-default elementor-invisible\" data-id=\"cdf819e\" data-element_type=\"section\" data-settings=\"{&quot;animation&quot;:&quot;fadeInUp&quot;}\">\n\t\t\t\t\t\t<div class=\"elementor-container elementor-column-gap-no\">\n\t\t\t\t\t<div class=\"elementor-column elementor-col-50 elementor-top-column elementor-element elementor-element-9a484d6\" data-id=\"9a484d6\" data-element_type=\"column\" data-settings=\"{&quot;background_background&quot;:&quot;classic&quot;}\">\n\t\t\t<div class=\"elementor-widget-wrap elementor-element-populated\">\n\t\t\t\t\t\t<section class=\"elementor-section elementor-inner-section elementor-element elementor-element-c472adb elementor-section-boxed elementor-section-height-default elementor-section-height-default\" data-id=\"c472adb\" data-element_type=\"section\">\n\t\t\t\t\t\t<div class=\"elementor-container elementor-column-gap-default\">\n\t\t\t\t\t<div class=\"elementor-column elementor-col-50 elementor-inner-column elementor-element elementor-element-dfa0cf4 elementor-hidden-tablet elementor-hidden-phone\" data-id=\"dfa0cf4\" data-element_type=\"column\">\n\t\t\t<div class=\"elementor-widget-wrap\">\n\t\t\t\t\t\t\t<\/div>\n\t\t<\/div>\n\t\t\t\t<div class=\"elementor-column elementor-col-50 elementor-inner-column elementor-element elementor-element-7f534eb\" data-id=\"7f534eb\" data-element_type=\"column\">\n\t\t\t<div class=\"elementor-widget-wrap elementor-element-populated\">\n\t\t\t\t\t\t<div class=\"elementor-element elementor-element-fc8a46d elementor-widget elementor-widget-heading\" data-id=\"fc8a46d\" data-element_type=\"widget\" data-widget_type=\"heading.default\">\n\t\t\t\t<div class=\"elementor-widget-container\">\n\t\t\t\t\t<h2 class=\"elementor-heading-title elementor-size-default\">Experiencia Memorable<\/h2>\t\t\t\t<\/div>\n\t\t\t\t<\/div>\n\t\t\t\t<div class=\"elementor-element elementor-element-23f10ed elementor-widget elementor-widget-text-editor\" data-id=\"23f10ed\" data-element_type=\"widget\" data-widget_type=\"text-editor.default\">\n\t\t\t\t<div class=\"elementor-widget-container\">\n\t\t\t\t\t\t\t\t\t<p>Cada bocado se convierte en una experiencia que tus clientes recordar\u00e1n. Soporte especializado para optimizar tus procesos de producci\u00f3n y recetas.<\/p>\t\t\t\t\t\t\t\t<\/div>\n\t\t\t\t<\/div>\n\t\t\t\t\t<\/div>\n\t\t<\/div>\n\t\t\t\t\t<\/div>\n\t\t<\/section>\n\t\t\t\t\t<\/div>\n\t\t<\/div>\n\t\t\t\t<div class=\"elementor-column elementor-col-50 elementor-top-column elementor-element elementor-element-b2b7b2f\" data-id=\"b2b7b2f\" data-element_type=\"column\" data-settings=\"{&quot;background_background&quot;:&quot;classic&quot;}\">\n\t\t\t<div class=\"elementor-widget-wrap elementor-element-populated\">\n\t\t\t\t\t\t<section class=\"elementor-section elementor-inner-section elementor-element elementor-element-fc9eb66 elementor-section-boxed elementor-section-height-default elementor-section-height-default\" data-id=\"fc9eb66\" data-element_type=\"section\">\n\t\t\t\t\t\t<div class=\"elementor-container elementor-column-gap-default\">\n\t\t\t\t\t<div class=\"elementor-column elementor-col-50 elementor-inner-column elementor-element elementor-element-c68f7ad elementor-hidden-tablet elementor-hidden-phone\" data-id=\"c68f7ad\" data-element_type=\"column\">\n\t\t\t<div class=\"elementor-widget-wrap\">\n\t\t\t\t\t\t\t<\/div>\n\t\t<\/div>\n\t\t\t\t<div class=\"elementor-column elementor-col-50 elementor-inner-column elementor-element elementor-element-035cb00\" data-id=\"035cb00\" data-element_type=\"column\">\n\t\t\t<div class=\"elementor-widget-wrap elementor-element-populated\">\n\t\t\t\t\t\t<div class=\"elementor-element elementor-element-d176472 elementor-widget elementor-widget-heading\" data-id=\"d176472\" data-element_type=\"widget\" data-widget_type=\"heading.default\">\n\t\t\t\t<div class=\"elementor-widget-container\">\n\t\t\t\t\t<h2 class=\"elementor-heading-title elementor-size-default\">Versatilidad<\/h2>\t\t\t\t<\/div>\n\t\t\t\t<\/div>\n\t\t\t\t<div class=\"elementor-element elementor-element-d104218 elementor-widget elementor-widget-text-editor\" data-id=\"d104218\" data-element_type=\"widget\" data-widget_type=\"text-editor.default\">\n\t\t\t\t<div class=\"elementor-widget-container\">\n\t\t\t\t\t\t\t\t\t<p>Adecuadas para una amplia variedad de productos de reposter\u00eda, desde pasteles hasta galletas.<\/p>\t\t\t\t\t\t\t\t<\/div>\n\t\t\t\t<\/div>\n\t\t\t\t\t<\/div>\n\t\t<\/div>\n\t\t\t\t\t<\/div>\n\t\t<\/section>\n\t\t\t\t\t<\/div>\n\t\t<\/div>\n\t\t\t\t\t<\/div>\n\t\t<\/section>\n\t\t\t\t<section class=\"elementor-section elementor-top-section elementor-element elementor-element-003601c elementor-section-content-middle elementor-section-boxed elementor-section-height-default elementor-section-height-default elementor-invisible\" data-id=\"003601c\" data-element_type=\"section\" data-settings=\"{&quot;animation&quot;:&quot;fadeInUp&quot;}\">\n\t\t\t\t\t\t<div class=\"elementor-container elementor-column-gap-no\">\n\t\t\t\t\t<div class=\"elementor-column elementor-col-50 elementor-top-column elementor-element elementor-element-fd88f13\" data-id=\"fd88f13\" data-element_type=\"column\">\n\t\t\t<div class=\"elementor-widget-wrap elementor-element-populated\">\n\t\t\t\t\t\t<div class=\"elementor-element elementor-element-18caba5 etheme-elementor-widget-loaded elementor-widget elementor-widget-image\" data-id=\"18caba5\" data-element_type=\"widget\" data-widget_type=\"image.default\">\n\t\t\t\t<div class=\"elementor-widget-container\">\n\t\t\t\t\t\t\t\t\t\t\t\t\t\t\t<img loading=\"lazy\" loading=\"lazy\" decoding=\"async\" width=\"2560\" height=\"1707\" src=\"https:\/\/molinos.jeanlogistics.com\/wp-content\/uploads\/2025\/02\/young-woman-placing-cakes-on-display-showcase-2023-11-27-05-03-32-utc-1-scaled.jpg\" class=\"attachment-full size-full wp-image-5810\" alt=\"\" srcset=\"https:\/\/molinos.jeanlogistics.com\/wp-content\/uploads\/2025\/02\/young-woman-placing-cakes-on-display-showcase-2023-11-27-05-03-32-utc-1-scaled.jpg 2560w, https:\/\/molinos.jeanlogistics.com\/wp-content\/uploads\/2025\/02\/young-woman-placing-cakes-on-display-showcase-2023-11-27-05-03-32-utc-1-300x200.jpg 300w, https:\/\/molinos.jeanlogistics.com\/wp-content\/uploads\/2025\/02\/young-woman-placing-cakes-on-display-showcase-2023-11-27-05-03-32-utc-1-1024x683.jpg 1024w, https:\/\/molinos.jeanlogistics.com\/wp-content\/uploads\/2025\/02\/young-woman-placing-cakes-on-display-showcase-2023-11-27-05-03-32-utc-1-768x512.jpg 768w, https:\/\/molinos.jeanlogistics.com\/wp-content\/uploads\/2025\/02\/young-woman-placing-cakes-on-display-showcase-2023-11-27-05-03-32-utc-1-1536x1024.jpg 1536w, https:\/\/molinos.jeanlogistics.com\/wp-content\/uploads\/2025\/02\/young-woman-placing-cakes-on-display-showcase-2023-11-27-05-03-32-utc-1-2048x1365.jpg 2048w, https:\/\/molinos.jeanlogistics.com\/wp-content\/uploads\/2025\/02\/young-woman-placing-cakes-on-display-showcase-2023-11-27-05-03-32-utc-1-200x133.jpg 200w, https:\/\/molinos.jeanlogistics.com\/wp-content\/uploads\/2025\/02\/young-woman-placing-cakes-on-display-showcase-2023-11-27-05-03-32-utc-1-600x400.jpg 600w, https:\/\/molinos.jeanlogistics.com\/wp-content\/uploads\/2025\/02\/young-woman-placing-cakes-on-display-showcase-2023-11-27-05-03-32-utc-1-10x7.jpg 10w\" sizes=\"(max-width: 2560px) 100vw, 2560px\" \/>\t\t\t\t\t\t\t\t\t\t\t\t\t\t\t<\/div>\n\t\t\t\t<\/div>\n\t\t\t\t\t<\/div>\n\t\t<\/div>\n\t\t\t\t<div class=\"elementor-column elementor-col-50 elementor-top-column elementor-element elementor-element-b6c5ac0\" data-id=\"b6c5ac0\" data-element_type=\"column\">\n\t\t\t<div class=\"elementor-widget-wrap elementor-element-populated\">\n\t\t\t\t\t\t<div class=\"elementor-element elementor-element-ce3dfb3 elementor-widget elementor-widget-heading\" data-id=\"ce3dfb3\" data-element_type=\"widget\" data-widget_type=\"heading.default\">\n\t\t\t\t<div class=\"elementor-widget-container\">\n\t\t\t\t\t<h2 class=\"elementor-heading-title elementor-size-default\">Excelencia en Cada Bocado<\/h2>\t\t\t\t<\/div>\n\t\t\t\t<\/div>\n\t\t\t\t<div class=\"elementor-element elementor-element-2c6a82e elementor-widget elementor-widget-text-editor\" data-id=\"2c6a82e\" data-element_type=\"widget\" data-widget_type=\"text-editor.default\">\n\t\t\t\t<div class=\"elementor-widget-container\">\n\t\t\t\t\t\t\t\t\t<p>Nuestra dedicaci\u00f3n a la excelencia en Molinos GEMSO se refleja en cada producto que ofrecemos. Sabemos que cada detalle cuenta en la reposter\u00eda, y nuestras harinas est\u00e1n formuladas para garantizar resultados consistentes y de alta calidad. Con nosotros, puedes transformar tus recetas en verdaderas obras de arte que encantar\u00e1n a tus clientes. Ya sea que est\u00e9s creando un pastel de celebraci\u00f3n o unas galletas gourmet, nuestras harinas son el aliado perfecto para llevar tus creaciones al siguiente nivel.<\/p>\t\t\t\t\t\t\t\t<\/div>\n\t\t\t\t<\/div>\n\t\t\t\t<div class=\"elementor-element elementor-element-c5e3414 elementor-align-left elementor-mobile-align-center elementor-widget elementor-widget-text_button\" data-id=\"c5e3414\" data-element_type=\"widget\" data-widget_type=\"text_button.default\">\n\t\t\t\t<div class=\"elementor-widget-container\">\n\t\t\t\t\t<div class=\"etheme-button-wrapper\"><a href=\"https:\/\/molinos.jeanlogistics.com\/index.php\/contacto\/\" class=\"fill-bottom has-fill etheme-text-button elementor-button\" role=\"button\">\r\n        <span class=\"elementor-button-content-wrapper\">\r\n                        <span class=\"elementor-button-icon animation-background_ltr\">\r\n                <i aria-hidden=\"true\" class=\"et-icon et-phone-call\"><\/i>            <\/span>\r\n        \r\n\t\t\t<span class=\"elementor-button-text\">\u00a1Contactar asesor!<\/span>\r\n\r\n            \r\n            \r\n        <\/span><\/a><\/div>\t\t\t\t<\/div>\n\t\t\t\t<\/div>\n\t\t\t\t\t<\/div>\n\t\t<\/div>\n\t\t\t\t\t<\/div>\n\t\t<\/section>\n\t\t\t\t<\/div>\n\t\t","protected":false},"excerpt":{"rendered":"<p>Pasteler\u00eda Harina que da vida a tus dulces creaciones Harinas de Calidad para la Reposter\u00eda En Molinos GEMSO, entendemos que la reposter\u00eda es un arte&#8230;<\/p>\n","protected":false},"author":1,"featured_media":0,"parent":0,"menu_order":0,"comment_status":"closed","ping_status":"closed","template":"","meta":{"_joinchat":[],"footnotes":""},"class_list":["post-5805","page","type-page","status-publish","hentry"],"_links":{"self":[{"href":"https:\/\/molinos.jeanlogistics.com\/index.php\/wp-json\/wp\/v2\/pages\/5805"}],"collection":[{"href":"https:\/\/molinos.jeanlogistics.com\/index.php\/wp-json\/wp\/v2\/pages"}],"about":[{"href":"https:\/\/molinos.jeanlogistics.com\/index.php\/wp-json\/wp\/v2\/types\/page"}],"author":[{"embeddable":true,"href":"https:\/\/molinos.jeanlogistics.com\/index.php\/wp-json\/wp\/v2\/users\/1"}],"replies":[{"embeddable":true,"href":"https:\/\/molinos.jeanlogistics.com\/index.php\/wp-json\/wp\/v2\/comments?post=5805"}],"version-history":[{"count":16,"href":"https:\/\/molinos.jeanlogistics.com\/index.php\/wp-json\/wp\/v2\/pages\/5805\/revisions"}],"predecessor-version":[{"id":6480,"href":"https:\/\/molinos.jeanlogistics.com\/index.php\/wp-json\/wp\/v2\/pages\/5805\/revisions\/6480"}],"wp:attachment":[{"href":"https:\/\/molinos.jeanlogistics.com\/index.php\/wp-json\/wp\/v2\/media?parent=5805"}],"curies":[{"name":"wp","href":"https:\/\/api.w.org\/{rel}","templated":true}]}}