{"id":5578,"date":"2025-02-04T15:02:01","date_gmt":"2025-02-04T15:02:01","guid":{"rendered":"http:\/\/localhost\/gemso\/?post_type=product&#038;p=5578"},"modified":"2025-07-30T12:28:01","modified_gmt":"2025-07-30T12:28:01","slug":"sanson","status":"publish","type":"product","link":"https:\/\/molinos.jeanlogistics.com\/index.php\/product\/sanson\/","title":{"rendered":"Sans\u00f3n"},"content":{"rendered":"<p>Harina fuerte , con alta prote\u00edna y de alta absorci\u00f3n , lo que genera m\u00e1s rendimiento en la producci\u00f3n de sus productos, especial para utilizarla en panader\u00edas que cuentan con maquinaria tipo industrial y artesanal.<\/p>\n","protected":false},"excerpt":{"rendered":"<p>M\u00e1ximo rendimiento en panader\u00edas industrial y artesanal. Alta prote\u00edna y absorci\u00f3n.<\/p>\n<p>Especial para: Bolillo \/ integral, Telera\/ integral, Hamburguesa, Virginia, Pan de Caja y Hot Dog<br \/>\nPresentaci\u00f3n: Saco 22 Kg, Saco 44 Kg y Saco XF 44 Kg<\/p>\n","protected":false},"featured_media":6295,"comment_status":"open","ping_status":"closed","template":"","meta":{"_joinchat":[]},"etheme_brands":[],"product_brand":[],"product_cat":[167],"product_tag":[],"class_list":{"0":"post-5578","1":"product","2":"type-product","3":"status-publish","4":"has-post-thumbnail","6":"product_cat-harinas-integrales","8":"first","9":"instock","10":"shipping-taxable","11":"product-type-simple"},"_links":{"self":[{"href":"https:\/\/molinos.jeanlogistics.com\/index.php\/wp-json\/wp\/v2\/product\/5578"}],"collection":[{"href":"https:\/\/molinos.jeanlogistics.com\/index.php\/wp-json\/wp\/v2\/product"}],"about":[{"href":"https:\/\/molinos.jeanlogistics.com\/index.php\/wp-json\/wp\/v2\/types\/product"}],"replies":[{"embeddable":true,"href":"https:\/\/molinos.jeanlogistics.com\/index.php\/wp-json\/wp\/v2\/comments?post=5578"}],"version-history":[{"count":2,"href":"https:\/\/molinos.jeanlogistics.com\/index.php\/wp-json\/wp\/v2\/product\/5578\/revisions"}],"predecessor-version":[{"id":6975,"href":"https:\/\/molinos.jeanlogistics.com\/index.php\/wp-json\/wp\/v2\/product\/5578\/revisions\/6975"}],"wp:featuredmedia":[{"embeddable":true,"href":"https:\/\/molinos.jeanlogistics.com\/index.php\/wp-json\/wp\/v2\/media\/6295"}],"wp:attachment":[{"href":"https:\/\/molinos.jeanlogistics.com\/index.php\/wp-json\/wp\/v2\/media?parent=5578"}],"wp:term":[{"taxonomy":"brand","embeddable":true,"href":"https:\/\/molinos.jeanlogistics.com\/index.php\/wp-json\/wp\/v2\/etheme_brands?post=5578"},{"taxonomy":"product_brand","embeddable":true,"href":"https:\/\/molinos.jeanlogistics.com\/index.php\/wp-json\/wp\/v2\/product_brand?post=5578"},{"taxonomy":"product_cat","embeddable":true,"href":"https:\/\/molinos.jeanlogistics.com\/index.php\/wp-json\/wp\/v2\/product_cat?post=5578"},{"taxonomy":"product_tag","embeddable":true,"href":"https:\/\/molinos.jeanlogistics.com\/index.php\/wp-json\/wp\/v2\/product_tag?post=5578"}],"curies":[{"name":"wp","href":"https:\/\/api.w.org\/{rel}","templated":true}]}}