{"id":5582,"date":"2025-02-04T14:55:33","date_gmt":"2025-02-04T14:55:33","guid":{"rendered":"http:\/\/localhost\/gemso\/?post_type=product&#038;p=5582"},"modified":"2025-07-30T12:28:22","modified_gmt":"2025-07-30T12:28:22","slug":"los-gallos","status":"publish","type":"product","link":"https:\/\/molinos.jeanlogistics.com\/index.php\/product\/los-gallos\/","title":{"rendered":"Los Gallos"},"content":{"rendered":"<p>Ideal para tortillas caseras deliciosas. 1 kg de calidad para resultados perfectos.<\/p>\n","protected":false},"excerpt":{"rendered":"<p>Nuestra harina de trigo Los Gallos es la elecci\u00f3n perfecta para crear tortillas deliciosas y aut\u00e9nticas. Con una presentaci\u00f3n de 1 kilo, no necesitas preocuparte si no eres un experto en la elaboraci\u00f3n de tortillas, ya que su preparaci\u00f3n es sencilla. Lo m\u00e1s importante es que utilices ingredientes de alta calidad, y eso es precisamente lo que te ofrecemos.<\/p>\n<p>Aplicaciones: Tortillas de harina, Bizcocho (boller\u00eda), Feite (hojaldres), Pizzas y Galletas<br \/>\nPresentaciones: 44 Kg, 10Kg y 1Kg<\/p>\n","protected":false},"featured_media":6288,"comment_status":"open","ping_status":"closed","template":"","meta":{"_joinchat":[]},"etheme_brands":[],"product_brand":[],"product_cat":[159],"product_tag":[],"class_list":{"0":"post-5582","1":"product","2":"type-product","3":"status-publish","4":"has-post-thumbnail","6":"product_cat-pan","8":"first","9":"instock","10":"shipping-taxable","11":"product-type-simple"},"_links":{"self":[{"href":"https:\/\/molinos.jeanlogistics.com\/index.php\/wp-json\/wp\/v2\/product\/5582"}],"collection":[{"href":"https:\/\/molinos.jeanlogistics.com\/index.php\/wp-json\/wp\/v2\/product"}],"about":[{"href":"https:\/\/molinos.jeanlogistics.com\/index.php\/wp-json\/wp\/v2\/types\/product"}],"replies":[{"embeddable":true,"href":"https:\/\/molinos.jeanlogistics.com\/index.php\/wp-json\/wp\/v2\/comments?post=5582"}],"version-history":[{"count":2,"href":"https:\/\/molinos.jeanlogistics.com\/index.php\/wp-json\/wp\/v2\/product\/5582\/revisions"}],"predecessor-version":[{"id":6979,"href":"https:\/\/molinos.jeanlogistics.com\/index.php\/wp-json\/wp\/v2\/product\/5582\/revisions\/6979"}],"wp:featuredmedia":[{"embeddable":true,"href":"https:\/\/molinos.jeanlogistics.com\/index.php\/wp-json\/wp\/v2\/media\/6288"}],"wp:attachment":[{"href":"https:\/\/molinos.jeanlogistics.com\/index.php\/wp-json\/wp\/v2\/media?parent=5582"}],"wp:term":[{"taxonomy":"brand","embeddable":true,"href":"https:\/\/molinos.jeanlogistics.com\/index.php\/wp-json\/wp\/v2\/etheme_brands?post=5582"},{"taxonomy":"product_brand","embeddable":true,"href":"https:\/\/molinos.jeanlogistics.com\/index.php\/wp-json\/wp\/v2\/product_brand?post=5582"},{"taxonomy":"product_cat","embeddable":true,"href":"https:\/\/molinos.jeanlogistics.com\/index.php\/wp-json\/wp\/v2\/product_cat?post=5582"},{"taxonomy":"product_tag","embeddable":true,"href":"https:\/\/molinos.jeanlogistics.com\/index.php\/wp-json\/wp\/v2\/product_tag?post=5582"}],"curies":[{"name":"wp","href":"https:\/\/api.w.org\/{rel}","templated":true}]}}