{"id":5602,"date":"2025-02-04T15:21:19","date_gmt":"2025-02-04T15:21:19","guid":{"rendered":"http:\/\/localhost\/gemso\/?post_type=product&#038;p=5602"},"modified":"2025-07-30T12:26:58","modified_gmt":"2025-07-30T12:26:58","slug":"del-fuerte","status":"publish","type":"product","link":"https:\/\/molinos.jeanlogistics.com\/index.php\/product\/del-fuerte\/","title":{"rendered":"Del Fuerte"},"content":{"rendered":"<p>Es una harina fuerte y vers\u00e1til, f\u00e1cil de manipular a mano y compatible con maquinaria para la elaboraci\u00f3n de pan. Ideal para panaderos y tortilleros que prefieren m\u00e9todos artesanales, se adapta perfectamente a cualquier tipo de receta.<\/p>\n","protected":false},"excerpt":{"rendered":"<p>Es una harina fuerte, f\u00e1cil de manipular a mano, tambi\u00e9n se puede utilizar con maquinaria para elaborar pan, es especial para panaderos o tortilleros que todav\u00eda elaboran sus productos de manera artesanal adaptable a cualquier tipo de receta.<\/p>\n<p>Especial para: Pan dulce, Pan blanco, Empanadas, Galletas, Tortillas de harina, Hot Cakes y Pasteles<br \/>\nPresentaci\u00f3n: Saco 25 Kg<\/p>\n","protected":false},"featured_media":5603,"comment_status":"open","ping_status":"closed","template":"","meta":{"_joinchat":[]},"etheme_brands":[],"product_brand":[],"product_cat":[165],"product_tag":[],"class_list":{"0":"post-5602","1":"product","2":"type-product","3":"status-publish","4":"has-post-thumbnail","6":"product_cat-harina-blanca","8":"first","9":"instock","10":"shipping-taxable","11":"product-type-simple"},"_links":{"self":[{"href":"https:\/\/molinos.jeanlogistics.com\/index.php\/wp-json\/wp\/v2\/product\/5602"}],"collection":[{"href":"https:\/\/molinos.jeanlogistics.com\/index.php\/wp-json\/wp\/v2\/product"}],"about":[{"href":"https:\/\/molinos.jeanlogistics.com\/index.php\/wp-json\/wp\/v2\/types\/product"}],"replies":[{"embeddable":true,"href":"https:\/\/molinos.jeanlogistics.com\/index.php\/wp-json\/wp\/v2\/comments?post=5602"}],"version-history":[{"count":2,"href":"https:\/\/molinos.jeanlogistics.com\/index.php\/wp-json\/wp\/v2\/product\/5602\/revisions"}],"predecessor-version":[{"id":6954,"href":"https:\/\/molinos.jeanlogistics.com\/index.php\/wp-json\/wp\/v2\/product\/5602\/revisions\/6954"}],"wp:featuredmedia":[{"embeddable":true,"href":"https:\/\/molinos.jeanlogistics.com\/index.php\/wp-json\/wp\/v2\/media\/5603"}],"wp:attachment":[{"href":"https:\/\/molinos.jeanlogistics.com\/index.php\/wp-json\/wp\/v2\/media?parent=5602"}],"wp:term":[{"taxonomy":"brand","embeddable":true,"href":"https:\/\/molinos.jeanlogistics.com\/index.php\/wp-json\/wp\/v2\/etheme_brands?post=5602"},{"taxonomy":"product_brand","embeddable":true,"href":"https:\/\/molinos.jeanlogistics.com\/index.php\/wp-json\/wp\/v2\/product_brand?post=5602"},{"taxonomy":"product_cat","embeddable":true,"href":"https:\/\/molinos.jeanlogistics.com\/index.php\/wp-json\/wp\/v2\/product_cat?post=5602"},{"taxonomy":"product_tag","embeddable":true,"href":"https:\/\/molinos.jeanlogistics.com\/index.php\/wp-json\/wp\/v2\/product_tag?post=5602"}],"curies":[{"name":"wp","href":"https:\/\/api.w.org\/{rel}","templated":true}]}}