{"id":5605,"date":"2025-02-04T15:24:20","date_gmt":"2025-02-04T15:24:20","guid":{"rendered":"http:\/\/localhost\/gemso\/?post_type=product&#038;p=5605"},"modified":"2025-07-30T12:26:21","modified_gmt":"2025-07-30T12:26:21","slug":"kdt-premium","status":"publish","type":"product","link":"https:\/\/molinos.jeanlogistics.com\/index.php\/product\/kdt-premium\/","title":{"rendered":"KDT Premium"},"content":{"rendered":"<p>Esta harina fuerte y de alta absorci\u00f3n est\u00e1 enriquecida con mejorantes especiales, dise\u00f1ada espec\u00edficamente para la elaboraci\u00f3n de tortillas de harina. Es ideal para procesos industriales y semiindustriales, ofreciendo gran adaptabilidad a diversas regiones y versatilidad para utilizar en una amplia gama de recetas.<\/p>\n","protected":false},"excerpt":{"rendered":"<p>Harina fuerte y de alta absorci\u00f3n, est\u00e1 adicionada con mejorantes especiales para elaboraci\u00f3n de tortillas de harina, ideal para procesos industriales y semiindustriales con gran adaptabilidad a cualquier regi\u00f3n y versatilidad para utilizar en cualquiera de sus recetas.<\/p>\n<p>Especial para: Tortilla de harina , Empanadas y Galletas<br \/>\nPresentaci\u00f3n: Paquete 10\/1 kg bolsa papel y Saco 25 Kg<\/p>\n","protected":false},"featured_media":5607,"comment_status":"open","ping_status":"closed","template":"","meta":{"_joinchat":[]},"etheme_brands":[],"product_brand":[],"product_cat":[161],"product_tag":[],"class_list":{"0":"post-5605","1":"product","2":"type-product","3":"status-publish","4":"has-post-thumbnail","6":"product_cat-tortilla","8":"first","9":"instock","10":"shipping-taxable","11":"product-type-simple"},"_links":{"self":[{"href":"https:\/\/molinos.jeanlogistics.com\/index.php\/wp-json\/wp\/v2\/product\/5605"}],"collection":[{"href":"https:\/\/molinos.jeanlogistics.com\/index.php\/wp-json\/wp\/v2\/product"}],"about":[{"href":"https:\/\/molinos.jeanlogistics.com\/index.php\/wp-json\/wp\/v2\/types\/product"}],"replies":[{"embeddable":true,"href":"https:\/\/molinos.jeanlogistics.com\/index.php\/wp-json\/wp\/v2\/comments?post=5605"}],"version-history":[{"count":2,"href":"https:\/\/molinos.jeanlogistics.com\/index.php\/wp-json\/wp\/v2\/product\/5605\/revisions"}],"predecessor-version":[{"id":6950,"href":"https:\/\/molinos.jeanlogistics.com\/index.php\/wp-json\/wp\/v2\/product\/5605\/revisions\/6950"}],"wp:featuredmedia":[{"embeddable":true,"href":"https:\/\/molinos.jeanlogistics.com\/index.php\/wp-json\/wp\/v2\/media\/5607"}],"wp:attachment":[{"href":"https:\/\/molinos.jeanlogistics.com\/index.php\/wp-json\/wp\/v2\/media?parent=5605"}],"wp:term":[{"taxonomy":"brand","embeddable":true,"href":"https:\/\/molinos.jeanlogistics.com\/index.php\/wp-json\/wp\/v2\/etheme_brands?post=5605"},{"taxonomy":"product_brand","embeddable":true,"href":"https:\/\/molinos.jeanlogistics.com\/index.php\/wp-json\/wp\/v2\/product_brand?post=5605"},{"taxonomy":"product_cat","embeddable":true,"href":"https:\/\/molinos.jeanlogistics.com\/index.php\/wp-json\/wp\/v2\/product_cat?post=5605"},{"taxonomy":"product_tag","embeddable":true,"href":"https:\/\/molinos.jeanlogistics.com\/index.php\/wp-json\/wp\/v2\/product_tag?post=5605"}],"curies":[{"name":"wp","href":"https:\/\/api.w.org\/{rel}","templated":true}]}}