{"id":5608,"date":"2025-02-04T15:28:38","date_gmt":"2025-02-04T15:28:38","guid":{"rendered":"http:\/\/localhost\/gemso\/?post_type=product&#038;p=5608"},"modified":"2025-07-30T12:25:58","modified_gmt":"2025-07-30T12:25:58","slug":"magnifica-del-valle","status":"publish","type":"product","link":"https:\/\/molinos.jeanlogistics.com\/index.php\/product\/magnifica-del-valle\/","title":{"rendered":"Magnifica del Valle"},"content":{"rendered":"<p>Nuestra marca insignia en el norte del Estado de Sinaloa; por ser una harina f\u00e1cil de manipular a mano, es especial para las amas de casa y para productores que gustan elaborar sus productos de manera artesanal.<\/p>\n","protected":false},"excerpt":{"rendered":"<p>Nuestra marca emblem\u00e1tica en el norte del Estado de Sinaloa se distingue por proporcionar una harina que es sencilla de trabajar a mano, ideal para amas de casa y productores que disfrutan de la elaboraci\u00f3n artesanal de sus productos. Su excelente calidad y versatilidad la hacen la opci\u00f3n preferida para quienes aprecian la tradici\u00f3n culinaria.<\/p>\n<p>Para elaborar: Tortillas de harina, Hot Cakes, Pasteles, Empanadas, Pan dulce, Pan blanco y Galletas<br \/>\nPresentaci\u00f3n: Paquete 10\/1 kg bolsa papel, Paquete 8\/2 kg bolsa papel, Saco 10\/1 kg bolsa polietileno, Saco 5 kg, Saco 10 kg, Saco 20 kg y Saco 25 kg<\/p>\n","protected":false},"featured_media":5609,"comment_status":"open","ping_status":"closed","template":"","meta":{"_joinchat":[]},"etheme_brands":[],"product_brand":[],"product_cat":[165],"product_tag":[],"class_list":{"0":"post-5608","1":"product","2":"type-product","3":"status-publish","4":"has-post-thumbnail","6":"product_cat-harina-blanca","8":"first","9":"instock","10":"shipping-taxable","11":"product-type-simple"},"_links":{"self":[{"href":"https:\/\/molinos.jeanlogistics.com\/index.php\/wp-json\/wp\/v2\/product\/5608"}],"collection":[{"href":"https:\/\/molinos.jeanlogistics.com\/index.php\/wp-json\/wp\/v2\/product"}],"about":[{"href":"https:\/\/molinos.jeanlogistics.com\/index.php\/wp-json\/wp\/v2\/types\/product"}],"replies":[{"embeddable":true,"href":"https:\/\/molinos.jeanlogistics.com\/index.php\/wp-json\/wp\/v2\/comments?post=5608"}],"version-history":[{"count":2,"href":"https:\/\/molinos.jeanlogistics.com\/index.php\/wp-json\/wp\/v2\/product\/5608\/revisions"}],"predecessor-version":[{"id":6941,"href":"https:\/\/molinos.jeanlogistics.com\/index.php\/wp-json\/wp\/v2\/product\/5608\/revisions\/6941"}],"wp:featuredmedia":[{"embeddable":true,"href":"https:\/\/molinos.jeanlogistics.com\/index.php\/wp-json\/wp\/v2\/media\/5609"}],"wp:attachment":[{"href":"https:\/\/molinos.jeanlogistics.com\/index.php\/wp-json\/wp\/v2\/media?parent=5608"}],"wp:term":[{"taxonomy":"brand","embeddable":true,"href":"https:\/\/molinos.jeanlogistics.com\/index.php\/wp-json\/wp\/v2\/etheme_brands?post=5608"},{"taxonomy":"product_brand","embeddable":true,"href":"https:\/\/molinos.jeanlogistics.com\/index.php\/wp-json\/wp\/v2\/product_brand?post=5608"},{"taxonomy":"product_cat","embeddable":true,"href":"https:\/\/molinos.jeanlogistics.com\/index.php\/wp-json\/wp\/v2\/product_cat?post=5608"},{"taxonomy":"product_tag","embeddable":true,"href":"https:\/\/molinos.jeanlogistics.com\/index.php\/wp-json\/wp\/v2\/product_tag?post=5608"}],"curies":[{"name":"wp","href":"https:\/\/api.w.org\/{rel}","templated":true}]}}