{"id":5612,"date":"2025-02-04T15:31:35","date_gmt":"2025-02-04T15:31:35","guid":{"rendered":"http:\/\/localhost\/gemso\/?post_type=product&#038;p=5612"},"modified":"2025-07-30T12:25:36","modified_gmt":"2025-07-30T12:25:36","slug":"mdf","status":"publish","type":"product","link":"https:\/\/molinos.jeanlogistics.com\/index.php\/product\/mdf\/","title":{"rendered":"MDF"},"content":{"rendered":"<div id=\"model-response-message-contentr_f0b972746af895c4\" class=\"markdown markdown-main-panel stronger enable-updated-hr-color\" dir=\"ltr\">\n<p>Harina fuerte, rica en prote\u00ednas y con alta capacidad de absorci\u00f3n, que maximiza el rendimiento en la producci\u00f3n de diversos productos. Es especialmente adecuada para panader\u00edas que utilizan tanto maquinaria industrial como m\u00e9todos artesanales.<\/p>\n<\/div>\n","protected":false},"excerpt":{"rendered":"<div id=\"model-response-message-contentr_43d379e8b42173d9\" class=\"markdown markdown-main-panel stronger enable-updated-hr-color\" dir=\"ltr\">\n<p class=\"query-text-line ng-star-inserted\">Harina fuerte, con alta prote\u00edna y de alta absorci\u00f3n, lo que genera m\u00e1s rendimiento en la producci\u00f3n de sus productos, especial para utilizarla en panader\u00edas que cuentan con maquinaria tipo industrial y artesanal.<\/p>\n<p class=\"query-text-line ng-star-inserted\">Especial para: Pan blanco, Pan dulce, Galletas, Empanadas y Pasteles<br \/>\nPresentaci\u00f3n: Saco 25 Kg<\/p>\n<\/div>\n","protected":false},"featured_media":5613,"comment_status":"open","ping_status":"closed","template":"","meta":{"_joinchat":[]},"etheme_brands":[],"product_brand":[],"product_cat":[159],"product_tag":[],"class_list":{"0":"post-5612","1":"product","2":"type-product","3":"status-publish","4":"has-post-thumbnail","6":"product_cat-pan","8":"first","9":"instock","10":"shipping-taxable","11":"product-type-simple"},"_links":{"self":[{"href":"https:\/\/molinos.jeanlogistics.com\/index.php\/wp-json\/wp\/v2\/product\/5612"}],"collection":[{"href":"https:\/\/molinos.jeanlogistics.com\/index.php\/wp-json\/wp\/v2\/product"}],"about":[{"href":"https:\/\/molinos.jeanlogistics.com\/index.php\/wp-json\/wp\/v2\/types\/product"}],"replies":[{"embeddable":true,"href":"https:\/\/molinos.jeanlogistics.com\/index.php\/wp-json\/wp\/v2\/comments?post=5612"}],"version-history":[{"count":4,"href":"https:\/\/molinos.jeanlogistics.com\/index.php\/wp-json\/wp\/v2\/product\/5612\/revisions"}],"predecessor-version":[{"id":6937,"href":"https:\/\/molinos.jeanlogistics.com\/index.php\/wp-json\/wp\/v2\/product\/5612\/revisions\/6937"}],"wp:featuredmedia":[{"embeddable":true,"href":"https:\/\/molinos.jeanlogistics.com\/index.php\/wp-json\/wp\/v2\/media\/5613"}],"wp:attachment":[{"href":"https:\/\/molinos.jeanlogistics.com\/index.php\/wp-json\/wp\/v2\/media?parent=5612"}],"wp:term":[{"taxonomy":"brand","embeddable":true,"href":"https:\/\/molinos.jeanlogistics.com\/index.php\/wp-json\/wp\/v2\/etheme_brands?post=5612"},{"taxonomy":"product_brand","embeddable":true,"href":"https:\/\/molinos.jeanlogistics.com\/index.php\/wp-json\/wp\/v2\/product_brand?post=5612"},{"taxonomy":"product_cat","embeddable":true,"href":"https:\/\/molinos.jeanlogistics.com\/index.php\/wp-json\/wp\/v2\/product_cat?post=5612"},{"taxonomy":"product_tag","embeddable":true,"href":"https:\/\/molinos.jeanlogistics.com\/index.php\/wp-json\/wp\/v2\/product_tag?post=5612"}],"curies":[{"name":"wp","href":"https:\/\/api.w.org\/{rel}","templated":true}]}}