{"id":5626,"date":"2025-02-04T16:47:11","date_gmt":"2025-02-04T16:47:11","guid":{"rendered":"http:\/\/localhost\/gemso\/?post_type=product&#038;p=5626"},"modified":"2025-07-09T17:49:40","modified_gmt":"2025-07-09T17:49:40","slug":"novarina","status":"publish","type":"product","link":"https:\/\/molinos.jeanlogistics.com\/index.php\/product\/novarina\/","title":{"rendered":"Novarina"},"content":{"rendered":"<p>Nuestras harinas preparadas Novarina est\u00e1n dise\u00f1adas espec\u00edficamente para panader\u00eda y pasteler\u00eda, ofreciendo una soluci\u00f3n pr\u00e1ctica y eficiente. Entre sus m\u00faltiples beneficios, destacan la econom\u00eda de dinero, tiempo y espacio en comparaci\u00f3n con las f\u00f3rmulas tradicionales. Adem\u00e1s, estas harinas tienen una mayor vida \u00fatil en anaquel, manteniendo la textura, aroma y sabor de los productos elaborados.<\/p>\n","protected":false},"excerpt":{"rendered":"<p>Nuestras harinas preparadas Novarina son especiales para utilizar en panader\u00eda y pasteler\u00eda. Algunos de sus beneficios son el economizar dinero, tiempo y espacio comparado a la f\u00f3rmula tradicional, as\u00ed como mayor vida en anaquel conservando textura, aroma y sabor. Es una harina de mediana fuerza y de alta prote\u00edna, con alta absorci\u00f3n, lo que genera mayor rendimiento en la elaboraci\u00f3n de producto terminado, es especial para utilizarla en panader\u00edas que cuentan con maquinaria tipo industrial.<\/p>\n<p>Especial para: Bolillo \/ integral, Telera \/ integral, Hamburguesa, Bizcocho, Donas, Tortillas (normales, integrales y saborizadas)<br \/>\nPresentaci\u00f3n: Saco 25 Kg | Saco 10 Kg (tortillas) | Saco 44 kg<\/p>\n","protected":false},"featured_media":5627,"comment_status":"open","ping_status":"closed","template":"","meta":{"_joinchat":[]},"etheme_brands":[],"product_brand":[],"product_cat":[16],"product_tag":[],"class_list":{"0":"post-5626","1":"product","2":"type-product","3":"status-publish","4":"has-post-thumbnail","6":"product_cat-uncategorized","8":"first","9":"instock","10":"shipping-taxable","11":"product-type-simple"},"_links":{"self":[{"href":"https:\/\/molinos.jeanlogistics.com\/index.php\/wp-json\/wp\/v2\/product\/5626"}],"collection":[{"href":"https:\/\/molinos.jeanlogistics.com\/index.php\/wp-json\/wp\/v2\/product"}],"about":[{"href":"https:\/\/molinos.jeanlogistics.com\/index.php\/wp-json\/wp\/v2\/types\/product"}],"replies":[{"embeddable":true,"href":"https:\/\/molinos.jeanlogistics.com\/index.php\/wp-json\/wp\/v2\/comments?post=5626"}],"version-history":[{"count":3,"href":"https:\/\/molinos.jeanlogistics.com\/index.php\/wp-json\/wp\/v2\/product\/5626\/revisions"}],"predecessor-version":[{"id":6913,"href":"https:\/\/molinos.jeanlogistics.com\/index.php\/wp-json\/wp\/v2\/product\/5626\/revisions\/6913"}],"wp:featuredmedia":[{"embeddable":true,"href":"https:\/\/molinos.jeanlogistics.com\/index.php\/wp-json\/wp\/v2\/media\/5627"}],"wp:attachment":[{"href":"https:\/\/molinos.jeanlogistics.com\/index.php\/wp-json\/wp\/v2\/media?parent=5626"}],"wp:term":[{"taxonomy":"brand","embeddable":true,"href":"https:\/\/molinos.jeanlogistics.com\/index.php\/wp-json\/wp\/v2\/etheme_brands?post=5626"},{"taxonomy":"product_brand","embeddable":true,"href":"https:\/\/molinos.jeanlogistics.com\/index.php\/wp-json\/wp\/v2\/product_brand?post=5626"},{"taxonomy":"product_cat","embeddable":true,"href":"https:\/\/molinos.jeanlogistics.com\/index.php\/wp-json\/wp\/v2\/product_cat?post=5626"},{"taxonomy":"product_tag","embeddable":true,"href":"https:\/\/molinos.jeanlogistics.com\/index.php\/wp-json\/wp\/v2\/product_tag?post=5626"}],"curies":[{"name":"wp","href":"https:\/\/api.w.org\/{rel}","templated":true}]}}