{"id":5636,"date":"2025-02-04T16:50:37","date_gmt":"2025-02-04T16:50:37","guid":{"rendered":"http:\/\/localhost\/gemso\/?post_type=product&#038;p=5636"},"modified":"2025-07-30T12:23:48","modified_gmt":"2025-07-30T12:23:48","slug":"tres-rios","status":"publish","type":"product","link":"https:\/\/molinos.jeanlogistics.com\/index.php\/product\/tres-rios\/","title":{"rendered":"Tres R\u00edos"},"content":{"rendered":"<p>Harina de mediana fuerza, de alta absorci\u00f3n, lo que genera mayor rendimiento en la producci\u00f3n de producto terminado, es especial para utilizarla en panader\u00edas que cuentan con maquinaria tipo industrial.<\/p>\n","protected":false},"excerpt":{"rendered":"<p>Esta harina de mediana fuerza y alta capacidad de absorci\u00f3n est\u00e1 dise\u00f1ada para maximizar el rendimiento en la producci\u00f3n de productos terminados. Su formulaci\u00f3n la hace especialmente adecuada para panader\u00edas que operan con maquinaria industrial, garantizando resultados consistentes y de calidad en cada lote. Con su excelente capacidad de integraci\u00f3n de ingredientes, esta harina permite obtener masas homog\u00e9neas y bien estructuradas, ideales para una amplia variedad de productos de panader\u00eda.<\/p>\n<p class=\"query-text-line ng-star-inserted\">Especial para: Tortillas de harina, Pan blanco, Pan dulce. Galletas, Empanadas, Pasteles<br \/>\nPresentaci\u00f3n: Paquete 10\/1 Kg, Saco 10 Kg, Saco 25 Kg , Saco 44 Kg<\/p>\n","protected":false},"featured_media":5637,"comment_status":"open","ping_status":"closed","template":"","meta":{"_joinchat":[]},"etheme_brands":[],"product_brand":[],"product_cat":[169],"product_tag":[],"class_list":{"0":"post-5636","1":"product","2":"type-product","3":"status-publish","4":"has-post-thumbnail","6":"product_cat-pan-de-temporada","8":"first","9":"instock","10":"shipping-taxable","11":"product-type-simple"},"_links":{"self":[{"href":"https:\/\/molinos.jeanlogistics.com\/index.php\/wp-json\/wp\/v2\/product\/5636"}],"collection":[{"href":"https:\/\/molinos.jeanlogistics.com\/index.php\/wp-json\/wp\/v2\/product"}],"about":[{"href":"https:\/\/molinos.jeanlogistics.com\/index.php\/wp-json\/wp\/v2\/types\/product"}],"replies":[{"embeddable":true,"href":"https:\/\/molinos.jeanlogistics.com\/index.php\/wp-json\/wp\/v2\/comments?post=5636"}],"version-history":[{"count":2,"href":"https:\/\/molinos.jeanlogistics.com\/index.php\/wp-json\/wp\/v2\/product\/5636\/revisions"}],"predecessor-version":[{"id":6906,"href":"https:\/\/molinos.jeanlogistics.com\/index.php\/wp-json\/wp\/v2\/product\/5636\/revisions\/6906"}],"wp:featuredmedia":[{"embeddable":true,"href":"https:\/\/molinos.jeanlogistics.com\/index.php\/wp-json\/wp\/v2\/media\/5637"}],"wp:attachment":[{"href":"https:\/\/molinos.jeanlogistics.com\/index.php\/wp-json\/wp\/v2\/media?parent=5636"}],"wp:term":[{"taxonomy":"brand","embeddable":true,"href":"https:\/\/molinos.jeanlogistics.com\/index.php\/wp-json\/wp\/v2\/etheme_brands?post=5636"},{"taxonomy":"product_brand","embeddable":true,"href":"https:\/\/molinos.jeanlogistics.com\/index.php\/wp-json\/wp\/v2\/product_brand?post=5636"},{"taxonomy":"product_cat","embeddable":true,"href":"https:\/\/molinos.jeanlogistics.com\/index.php\/wp-json\/wp\/v2\/product_cat?post=5636"},{"taxonomy":"product_tag","embeddable":true,"href":"https:\/\/molinos.jeanlogistics.com\/index.php\/wp-json\/wp\/v2\/product_tag?post=5636"}],"curies":[{"name":"wp","href":"https:\/\/api.w.org\/{rel}","templated":true}]}}