{"id":5639,"date":"2025-02-04T16:52:50","date_gmt":"2025-02-04T16:52:50","guid":{"rendered":"http:\/\/localhost\/gemso\/?post_type=product&#038;p=5639"},"modified":"2025-07-30T12:23:00","modified_gmt":"2025-07-30T12:23:00","slug":"sanalona","status":"publish","type":"product","link":"https:\/\/molinos.jeanlogistics.com\/index.php\/product\/sanalona\/","title":{"rendered":"Sanalona"},"content":{"rendered":"<p>La harina de trigo SANALONA para todo uso es una harina de mediana fuerza y alta absorci\u00f3n, se puede adaptar a cualquier receta y es f\u00e1cil de manipular. Es de alta absorci\u00f3n, lo que genera mayor rendimiento en la preparaci\u00f3n de producto terminado, es especial para utilizarla en panader\u00edas que cuentan con maquinaria tipo industrial.<\/p>\n","protected":false},"excerpt":{"rendered":"<div class=\"prose break-words dark:prose-invert prose-p:leading-relaxed prose-pre:p-0 fix-max-with-100\">\n<p class=\"mb-2 last:mb-0\">La harina de trigo SANALONA para todo uso es una harina de mediana fuerza y alta capacidad de absorci\u00f3n, lo que la convierte en una opci\u00f3n vers\u00e1til que se adapta a cualquier receta. Su f\u00e1cil manipulaci\u00f3n la hace ideal tanto para panaderos experimentados como para aficionados. Gracias a su alta absorci\u00f3n, esta harina maximiza el rendimiento en la preparaci\u00f3n de productos terminados, lo que la hace especialmente adecuada para panader\u00edas que utilizan maquinaria industrial. Con SANALONA, podr\u00e1s lograr resultados consistentes y de calidad en una amplia variedad de elaboraciones.<\/p>\n<div id=\"model-response-message-contentr_9a3e62d8de33108d\" class=\"markdown markdown-main-panel stronger enable-updated-hr-color\" dir=\"ltr\">\n<p class=\"query-text-line ng-star-inserted\">Especial para: Tortillas de harina, Pan blanco, Pan dulce. Galletas, Empanadas, Pasteles<br \/>\nPresentaci\u00f3n: Paquete 10\/1 Kg, Saco 10 Kg, Saco 25 Kg , Saco 44 Kg<\/p>\n<\/div>\n<\/div>\n","protected":false},"featured_media":5640,"comment_status":"open","ping_status":"closed","template":"","meta":{"_joinchat":[]},"etheme_brands":[],"product_brand":[],"product_cat":[165],"product_tag":[],"class_list":{"0":"post-5639","1":"product","2":"type-product","3":"status-publish","4":"has-post-thumbnail","6":"product_cat-harina-blanca","8":"first","9":"instock","10":"shipping-taxable","11":"product-type-simple"},"_links":{"self":[{"href":"https:\/\/molinos.jeanlogistics.com\/index.php\/wp-json\/wp\/v2\/product\/5639"}],"collection":[{"href":"https:\/\/molinos.jeanlogistics.com\/index.php\/wp-json\/wp\/v2\/product"}],"about":[{"href":"https:\/\/molinos.jeanlogistics.com\/index.php\/wp-json\/wp\/v2\/types\/product"}],"replies":[{"embeddable":true,"href":"https:\/\/molinos.jeanlogistics.com\/index.php\/wp-json\/wp\/v2\/comments?post=5639"}],"version-history":[{"count":5,"href":"https:\/\/molinos.jeanlogistics.com\/index.php\/wp-json\/wp\/v2\/product\/5639\/revisions"}],"predecessor-version":[{"id":6899,"href":"https:\/\/molinos.jeanlogistics.com\/index.php\/wp-json\/wp\/v2\/product\/5639\/revisions\/6899"}],"wp:featuredmedia":[{"embeddable":true,"href":"https:\/\/molinos.jeanlogistics.com\/index.php\/wp-json\/wp\/v2\/media\/5640"}],"wp:attachment":[{"href":"https:\/\/molinos.jeanlogistics.com\/index.php\/wp-json\/wp\/v2\/media?parent=5639"}],"wp:term":[{"taxonomy":"brand","embeddable":true,"href":"https:\/\/molinos.jeanlogistics.com\/index.php\/wp-json\/wp\/v2\/etheme_brands?post=5639"},{"taxonomy":"product_brand","embeddable":true,"href":"https:\/\/molinos.jeanlogistics.com\/index.php\/wp-json\/wp\/v2\/product_brand?post=5639"},{"taxonomy":"product_cat","embeddable":true,"href":"https:\/\/molinos.jeanlogistics.com\/index.php\/wp-json\/wp\/v2\/product_cat?post=5639"},{"taxonomy":"product_tag","embeddable":true,"href":"https:\/\/molinos.jeanlogistics.com\/index.php\/wp-json\/wp\/v2\/product_tag?post=5639"}],"curies":[{"name":"wp","href":"https:\/\/api.w.org\/{rel}","templated":true}]}}